{"id":14,"date":"2017-12-10T18:05:56","date_gmt":"2017-12-10T17:05:56","guid":{"rendered":"http:\/\/laurenttouche.fr\/?page_id=14"},"modified":"2025-03-23T16:55:00","modified_gmt":"2025-03-23T15:55:00","slug":"actualites","status":"publish","type":"page","link":"https:\/\/laurenttouche.fr\/index.php\/actualites\/","title":{"rendered":"Saison 2017-2018"},"content":{"rendered":"<h3><span style=\"color: #993300;\">2017<\/span><\/h3>\n<p style=\"text-align: left;\"><strong><span style=\"color: #808080;\"><span style=\"color: #000000;\">ao\u00fbt<\/span>\u00a0<\/span><\/strong><span style=\"color: #000000;\"><strong>|<\/strong><\/span><strong><span style=\"color: #808080;\"> 27<\/span>\u00a0<\/strong><span style=\"color: #000000;\"><strong>|<\/strong><\/span> <strong>R\u00e9cital Ingrid Perruche | <span style=\"color: #993300;\">pianiste<\/span> | <\/strong>ch\u00e2teau de Virieu (38)<\/p>\n<p style=\"text-align: left;\"><strong><span style=\"color: #808080;\"><span style=\"color: #000000;\">novembre<\/span> <span style=\"color: #000000;\">|<\/span> 7, 10 et 12<\/span> <span style=\"color: #000000;\">|<\/span> <em>Les Contes d\u2019Hoffmann <\/em><\/strong><em>(<\/em>Offenbach)<strong> | <span style=\"color: #993300;\">chef des ch\u0153urs<\/span> | <\/strong>Op\u00e9ra de Saint-\u00c9tienne<br \/>\n<span style=\"color: #e1d2c8;\"><del>\u00a0\u00a0\u00a0\u00a0\u00a0\u00a0\u00a0\u00a0\u00a0\u00a0\u00a0\u00a0\u00a0\u00a0\u00a0\u00a0\u00a0\u00a0\u00a0\u00a0\u00a0\u00a0\u00a0\u00a0\u00a0\u00a0\u00a0\u00a0\u00a0\u00a0\u00a0\u00a0\u00a0\u00a0\u00a0\u00a0\u00a0\u00a0\u00a0\u00a0\u00a0\u00a0\u00a0\u00a0\u00a0\u00a0\u00a0\u00a0\u00a0\u00a0\u00a0\u00a0\u00a0\u00a0\u00a0\u00a0\u00a0\u00a0\u00a0\u00a0\u00a0\u00a0\u00a0\u00a0\u00a0\u00a0\u00a0\u00a0\u00a0\u00a0\u00a0\u00a0\u00a0\u00a0\u00a0\u00a0\u00a0\u00a0\u00a0\u00a0\u00a0\u00a0\u00a0\u00a0\u00a0\u00a0\u00a0\u00a0\u00a0\u00a0\u00a0\u00a0\u00a0\u00a0\u00a0\u00a0\u00a0\u00a0\u00a0\u00a0\u00a0\u00a0\u00a0\u00a0\u00a0\u00a0\u00a0\u00a0\u00a0\u00a0\u00a0\u00a0\u00a0\u00a0\u00a0\u00a0\u00a0\u00a0\u00a0\u00a0\u00a0\u00a0\u00a0\u00a0\u00a0\u00a0\u00a0\u00a0\u00a0\u00a0\u00a0\u00a0\u00a0\u00a0\u00a0\u00a0\u00a0\u00a0\u00a0\u00a0\u00a0\u00a0\u00a0\u00a0\u00a0\u00a0\u00a0\u00a0\u00a0\u00a0\u00a0\u00a0\u00a0\u00a0\u00a0\u00a0\u00a0\u00a0\u00a0\u00a0<\/del><\/span> <em>(DM Reiland, MS Berloffa)<\/em><\/p>\n<p><strong><span style=\"color: #808080;\"><span style=\"color: #000000;\">d\u00e9cembre<\/span> <span style=\"color: #000000;\">|<\/span> 8, 10 et 12<\/span> <span style=\"color: #000000;\">|<\/span> <em>Requiem<\/em> <\/strong>(Verdi)<strong> |\u00a0chef des ch\u0153urs | <\/strong>Op\u00e9ra de Saint-\u00c9tienne <em>(DM Reiland)<\/em><strong><br \/>\n<\/strong><\/p>\n<h3><em>\u00a0<\/em><span style=\"color: #993300;\">2018<\/span><\/h3>\n<p><strong><span style=\"color: #808080;\"><span style=\"color: #000000;\">janvier<\/span>\u00a0<span style=\"color: #000000;\">|<\/span> 3 <span style=\"color: #000000;\">|<\/span><\/span> Concert du Nouvel An \u00ab\u00a0viennois\u00a0\u00bb |\u00a0<span style=\"color: #993300;\">chef des ch\u0153urs<\/span> |\u00a0 <\/strong>Op\u00e9ra de Saint-\u00c9tienne <em>(DM Franklin)<\/em><\/p>\n<p><strong>janvier\u00a0| <span style=\"color: #808080;\">25<\/span> | Concert-conf\u00e9rence <em>La P\u00e9richole<\/em> | <span style=\"color: #993300;\">pianiste<\/span> | <\/strong>\u00c9cole de musique d&rsquo;Irigny (69)<strong><br \/>\n<\/strong><\/p>\n<p><span style=\"color: #808080;\"><strong><span style=\"color: #000000;\">janvier<\/span><span style=\"color: #808080;\">\u00a0<span style=\"color: #000000;\">|<\/span> 24, 26 et 28<\/span><\/strong>\u00a0<span style=\"color: #000000;\"><strong>|<\/strong> <\/span><\/span><em><strong>Adriana Lecouvreur<\/strong><\/em> (Cilea) <strong>|<\/strong>\u00a0<span style=\"color: #993300;\"><strong>chef des ch\u0153urs<\/strong><\/span> <strong><span style=\"color: #000000;\">|<\/span><\/strong> Op\u00e9ra de Saint-\u00c9tienne<br \/>\n<span style=\"color: #e1d2c8;\"><del>\u00a0\u00a0\u00a0\u00a0\u00a0\u00a0\u00a0\u00a0\u00a0\u00a0\u00a0\u00a0\u00a0\u00a0\u00a0\u00a0\u00a0\u00a0\u00a0\u00a0\u00a0\u00a0\u00a0\u00a0\u00a0\u00a0\u00a0\u00a0\u00a0\u00a0\u00a0\u00a0\u00a0\u00a0\u00a0\u00a0\u00a0\u00a0\u00a0\u00a0\u00a0\u00a0\u00a0\u00a0\u00a0\u00a0\u00a0\u00a0\u00a0\u00a0\u00a0\u00a0\u00a0\u00a0\u00a0\u00a0\u00a0\u00a0\u00a0\u00a0\u00a0\u00a0\u00a0\u00a0\u00a0\u00a0\u00a0\u00a0\u00a0\u00a0\u00a0\u00a0\u00a0\u00a0\u00a0\u00a0\u00a0\u00a0\u00a0\u00a0\u00a0\u00a0\u00a0\u00a0\u00a0\u00a0\u00a0\u00a0\u00a0\u00a0\u00a0\u00a0\u00a0\u00a0\u00a0\u00a0\u00a0\u00a0\u00a0\u00a0\u00a0\u00a0\u00a0\u00a0\u00a0\u00a0\u00a0\u00a0\u00a0\u00a0\u00a0\u00a0\u00a0\u00a0\u00a0\u00a0\u00a0\u00a0\u00a0\u00a0\u00a0\u00a0\u00a0\u00a0\u00a0\u00a0\u00a0\u00a0\u00a0\u00a0\u00a0\u00a0\u00a0\u00a0\u00a0\u00a0\u00a0\u00a0\u00a0\u00a0\u00a0<\/del> <\/span><em>(DM Carminati, MS Livermore)<\/em><\/p>\n<p><span style=\"color: #808080;\"><strong><span style=\"color: #000000;\">f\u00e9vrier<\/span> <span style=\"color: #000000;\">|<\/span> 3 et 4 <\/strong> <span style=\"color: #000000;\"><strong>|<\/strong><\/span><\/span> <strong><em>La P\u00e9richole <\/em><\/strong>(Offenbach) <strong>|<\/strong> <strong><span style=\"color: #993300;\">direction musicale<\/span> |<\/strong> Th\u00e9\u00e2tre d&rsquo;Irigny (69) <em>(MS Jacquet)<\/em><\/p>\n<p><strong><span style=\"color: #808080;\"><span style=\"color: #000000;\">mars<\/span> <span style=\"color: #000000;\">|<\/span> 2, 4 et 6 <span style=\"color: #000000;\">| <\/span><\/span><em>Semiramide <\/em><\/strong>(Rossini)<strong> |<span style=\"color: #993300;\">\u00a0chef des ch\u0153urs<\/span> | <\/strong>Op\u00e9ra de Saint-\u00c9tienne <em>(DM Grazioli, MS Raab)<\/em><em><br \/>\n<\/em><\/p>\n<p><strong><span style=\"color: #808080;\"><span style=\"color: #000000;\">mars<\/span> <span style=\"color: #000000;\">|<\/span> 22, 23, 25 et 26 <span style=\"color: #000000;\">|<\/span><\/span><\/strong> <em><strong>Siegfried ou qui deviendra le seigneur de l&rsquo;anneau<\/strong> (Wagner\/Larsen)<br \/>\n<\/em><strong><span style=\"color: #e1d2c8;\"><del>\u00a0\u00a0\u00a0\u00a0\u00a0\u00a0\u00a0\u00a0\u00a0\u00a0\u00a0\u00a0\u00a0\u00a0\u00a0\u00a0\u00a0\u00a0\u00a0\u00a0\u00a0\u00a0\u00a0\u00a0\u00a0\u00a0\u00a0\u00a0\u00a0\u00a0\u00a0\u00a0\u00a0\u00a0\u00a0\u00a0\u00a0\u00a0\u00a0\u00a0\u00a0\u00a0\u00a0\u00a0\u00a0\u00a0<\/del> <\/span>|<\/strong><span style=\"color: #993300;\"> <strong>direction musicale<\/strong> <\/span><strong>|<\/strong> Op\u00e9ra de Saint-\u00c9tienne<em> (MS Ostini)<br \/>\n<\/em><\/p>\n<p><span style=\"color: #808080;\"><strong><span style=\"color: #000000;\">mai<\/span> <span style=\"color: #000000;\">|<\/span> 2, 4 et 6 <\/strong> <span style=\"color: #000000;\"><strong>|<\/strong><em> <strong>Fando et Lis<\/strong> <\/em><\/span><\/span>(Menut) <strong>|<\/strong><em><strong>\u00a0<\/strong><\/em><span style=\"color: #333300;\"><span style=\"color: #993300;\"><strong>chef des ch\u0153urs<\/strong><\/span><strong> | <\/strong>Op\u00e9ra de Saint-\u00c9tienne<em> (DM Kawka, MS Fr\u00e9dric)<\/em><\/span><\/p>\n<p><strong><span style=\"color: #000000;\">juin<\/span><\/strong>\u00a0<span style=\"color: #808080;\"><strong><span style=\"color: #000000;\"><em>|<\/em><\/span> 8, 10 et 12\u00a0 <span style=\"color: #000000;\"><em>|<\/em><\/span><\/strong><\/span> <em><strong>Faust<\/strong><\/em> (Gounod) <em><strong>|\u00a0<\/strong><\/em><strong><span style=\"color: #993300;\">chef des ch\u0153urs<\/span> | <\/strong>Op\u00e9ra de Saint-\u00c9tienne<em> (DM Reiland, MS Ostini)<\/em><\/p>\n<p><span style=\"color: #000000;\"><strong>juin<\/strong><\/span>\u00a0<strong>|<\/strong><span style=\"color: #808080;\"><strong> 19 <\/strong><\/span><strong>|<\/strong><em> IXe symphonie <\/em>(Beethoven)<em>\u00a0<strong>|\u00a0<\/strong><\/em><strong><span style=\"color: #993300;\">chef des ch\u0153urs<\/span> | <\/strong>Op\u00e9ra de Saint-\u00c9tienne<em> (DM Reiland)<\/em><\/p>\n<p><span style=\"color: #000000;\"><strong>juille<\/strong><strong>t<\/strong><\/span> <strong><em>|<\/em><\/strong><span style=\"color: #808080;\"><strong> 1er et 3 <\/strong><\/span><em><strong>|<\/strong> Monsieur Choufleuri\u00a0<\/em>(Offenbach) | <span style=\"color: #993300;\"><strong>direction musicale<\/strong><\/span> | Estivales de Brou (01)<em> (MS Calvet)<\/em><\/p>\n<p><span style=\"color: #000000;\"><strong>juillet<\/strong> <\/span><strong><em>|<\/em><\/strong><span style=\"color: #808080;\"><strong> 7-15 <\/strong><\/span><em><strong>|<\/strong> Crise lyrique ! <strong> | <\/strong><\/em><strong><span style=\"color: #993300;\">pianiste<\/span> |<\/strong> Festival d&rsquo;Avignon (83)<em> (MS Jacquet)<br \/>\n<\/em><\/p>\n<p><em>\u00a0<\/em><\/p>\n<p><em>\u00a0<\/em><\/p>\n<p><em>\u00a0<\/em><\/p>\n<p><em><br \/>\n<\/em><\/p>\n<p><em>\u00a0<\/em><\/p>\n<p><em><br \/>\n<\/em><\/p>\n<p><em>\u00a0<\/em><\/p>\n<p><em>\u00a0<\/em><\/p>\n<p><em><br \/>\n<\/em><\/p>\n<p>&nbsp;<\/p>\n<p>&nbsp;<\/p>\n","protected":false},"excerpt":{"rendered":"<p>2017 ao\u00fbt\u00a0| 27\u00a0| R\u00e9cital Ingrid Perruche | pianiste | ch\u00e2teau de Virieu (38) novembre | 7, 10 et 12 | Les Contes d\u2019Hoffmann (Offenbach) | chef des ch\u0153urs | Op\u00e9ra de Saint-\u00c9tienne \u00a0\u00a0\u00a0\u00a0\u00a0\u00a0\u00a0\u00a0\u00a0\u00a0\u00a0\u00a0\u00a0\u00a0\u00a0\u00a0\u00a0\u00a0\u00a0\u00a0\u00a0\u00a0\u00a0\u00a0\u00a0\u00a0\u00a0\u00a0\u00a0\u00a0\u00a0\u00a0\u00a0\u00a0\u00a0\u00a0\u00a0\u00a0\u00a0\u00a0\u00a0\u00a0\u00a0\u00a0\u00a0\u00a0\u00a0\u00a0\u00a0\u00a0\u00a0\u00a0\u00a0\u00a0\u00a0\u00a0\u00a0\u00a0\u00a0\u00a0\u00a0\u00a0\u00a0\u00a0\u00a0\u00a0\u00a0\u00a0\u00a0\u00a0\u00a0\u00a0\u00a0\u00a0\u00a0\u00a0\u00a0\u00a0\u00a0\u00a0\u00a0\u00a0\u00a0\u00a0\u00a0\u00a0\u00a0\u00a0\u00a0\u00a0\u00a0\u00a0\u00a0\u00a0\u00a0\u00a0\u00a0\u00a0\u00a0\u00a0\u00a0\u00a0\u00a0\u00a0\u00a0\u00a0\u00a0\u00a0\u00a0\u00a0\u00a0\u00a0\u00a0\u00a0\u00a0\u00a0\u00a0\u00a0\u00a0\u00a0\u00a0\u00a0\u00a0\u00a0\u00a0\u00a0\u00a0\u00a0\u00a0\u00a0\u00a0\u00a0\u00a0\u00a0\u00a0\u00a0\u00a0\u00a0\u00a0\u00a0\u00a0\u00a0\u00a0\u00a0\u00a0\u00a0\u00a0\u00a0\u00a0\u00a0\u00a0\u00a0\u00a0\u00a0\u00a0\u00a0\u00a0\u00a0\u00a0\u00a0 (DM Reiland, MS Berloffa) d\u00e9cembre | 8, 10 et 12 | Requiem (Verdi) |\u00a0chef des ch\u0153urs | Op\u00e9ra de Saint-\u00c9tienne (DM Reiland) &hellip; <a href=\"https:\/\/laurenttouche.fr\/index.php\/actualites\/\" class=\"more-link\">Continuer la lecture<span class=\"screen-reader-text\"> de &laquo;&nbsp;Saison 2017-2018&nbsp;&raquo;<\/span><\/a><\/p>\n","protected":false},"author":1,"featured_media":0,"parent":0,"menu_order":8,"comment_status":"closed","ping_status":"closed","template":"","meta":[],"_links":{"self":[{"href":"https:\/\/laurenttouche.fr\/index.php\/wp-json\/wp\/v2\/pages\/14"}],"collection":[{"href":"https:\/\/laurenttouche.fr\/index.php\/wp-json\/wp\/v2\/pages"}],"about":[{"href":"https:\/\/laurenttouche.fr\/index.php\/wp-json\/wp\/v2\/types\/page"}],"author":[{"embeddable":true,"href":"https:\/\/laurenttouche.fr\/index.php\/wp-json\/wp\/v2\/users\/1"}],"replies":[{"embeddable":true,"href":"https:\/\/laurenttouche.fr\/index.php\/wp-json\/wp\/v2\/comments?post=14"}],"version-history":[{"count":24,"href":"https:\/\/laurenttouche.fr\/index.php\/wp-json\/wp\/v2\/pages\/14\/revisions"}],"predecessor-version":[{"id":256,"href":"https:\/\/laurenttouche.fr\/index.php\/wp-json\/wp\/v2\/pages\/14\/revisions\/256"}],"wp:attachment":[{"href":"https:\/\/laurenttouche.fr\/index.php\/wp-json\/wp\/v2\/media?parent=14"}],"curies":[{"name":"wp","href":"https:\/\/api.w.org\/{rel}","templated":true}]}}