{"id":187,"date":"2017-12-12T20:28:06","date_gmt":"2017-12-12T19:28:06","guid":{"rendered":"http:\/\/laurenttouche.fr\/?page_id=187"},"modified":"2025-03-23T18:40:57","modified_gmt":"2025-03-23T17:40:57","slug":"revue-de-presse","status":"publish","type":"page","link":"https:\/\/laurenttouche.fr\/index.php\/revue-de-presse\/","title":{"rendered":"Revue de presse"},"content":{"rendered":"<p>[page en construction]<\/p>\n<p>&nbsp;<\/p>\n<blockquote><p>Comme \u00e0 l&rsquo;accoutum\u00e9e, le Ch\u0153ur lyrique de Saint-\u00c9tienne Loire pr\u00e9par\u00e9 par Laurent Touche m\u00e9nage de grands moments de musique.<\/p><\/blockquote>\n<p style=\"text-align: right;\"><em>Tha\u00efs<\/em> (Massenet) \u2014 <em>Op\u00e9ra Magazine<\/em>, 2024.<\/p>\n<blockquote><p>Laurent Touche, d&rsquo;autant plus attentif au chant qu&rsquo;il se partage habituellement entre la direction des ch\u0153urs et celle de l&rsquo;orchestre, nous vaut une \u00e9l\u00e9gance, une \u00e9motion renouvell\u00e9es, sachant obtenir de ses instrumentistes des couleurs et des \u00e9quilibres admirables (&#8230;). La dynamique, la pr\u00e9cision, l&rsquo;attention \u00e0 chacun sont ind\u00e9niables.<\/p><\/blockquote>\n<p style=\"text-align: right;\"><em>La Veuve joyeuse<\/em> (Leh\u00e0r) \u2014 Y. Beuvard, <em>Forum Op\u00e9ra<\/em>, 2023.<\/p>\n<blockquote><p>Le Ch\u0153ur Lyrique Saint-Etienne Loire, fait une nouvelle fois forte impression, fort pr\u00e9par\u00e9 pour cette recr\u00e9ation par son chef Laurent Touche.<\/p><\/blockquote>\n<p style=\"text-align: right;\"><em>Lancelot<\/em> (Jonci\u00e8res) \u2014 J. Pons, <em>Olyrix<\/em>, 2022.<\/p>\n<blockquote><p>Le Ch\u0153ur lyrique de Saint-\u00c9tienne Loire tr\u00e8s bien pr\u00e9par\u00e9 par Laurent Touche est \u00e0 f\u00e9liciter pour sa prestation vocale et son investissement sc\u00e9nique.<\/p><\/blockquote>\n<p style=\"text-align: right;\"><em>Les Contes d\u2019Hoffmann<\/em> (Offenbach) \u2014 G. Ferrand, <em>ODB-Op\u00e9ra<\/em>, 2017.<\/p>\n<blockquote><p>des ch\u0153urs bien pr\u00e9par\u00e9s par Laurent Touche, toujours solides et puissants, jamais braillards.<\/p><\/blockquote>\n<p style=\"text-align: right;\"><em>Lohengrin<\/em> (Wagner) \u2014 J. Bonnaure,\u00a0 <em>La Lettre du musicien<\/em>, juillet 2017.<\/p>\n<blockquote><p>Any doubts that the St. Etienne orchestra and chorus would be able to fulfill the requirements of the score were happily dispelled: the chorus was particularly magnificent and responded to Kawka&rsquo;s baton with a precision that many Parisian houses could envy.<\/p><\/blockquote>\n<p style=\"text-align: right;\"><em>Lohengrin<\/em> (Wagner) \u2014 S. J. Mudge, <em>Opera News<\/em>, 2017.<\/p>\n<blockquote><p>Les ch\u0153urs sont impressionnants de pr\u00e9cision et de puissance et le m\u00e9rite en revient beaucoup au travail de leur chef Laurent Touche.<\/p><\/blockquote>\n<p style=\"text-align: right;\"><em>Lohengrin<\/em> (Wagner) \u2014 <em>ODB-Op\u00e9ra<\/em>, 2017.<\/p>\n<blockquote><p>Le Ch\u0153ur lyrique parfaitement pr\u00e9par\u00e9 par Laurent Touche se montre vaillant et bien chantant.<\/p><\/blockquote>\n<p style=\"text-align: right;\"><em>Eug\u00e8ne On\u00e9guine<\/em> (Tcha\u00efkovski) \u2014 F. Jestin, <em>Op\u00e9ra Magazine<\/em>, 2017.<\/p>\n<blockquote><p>The ladies of the Saint Etienne chorus, however, were in fine ecclesiastical form.<\/p><\/blockquote>\n<p style=\"text-align: right;\"><em>Dialogues des carm\u00e9lites<\/em> (Poulenc) \u2014 S. J. Mudge, <em>Opera News<\/em>, 2017.<\/p>\n<blockquote><p>Sous la baguette de Laurent Touche, l&rsquo;Orchestre symphonique Saint-\u00c9tienne Loire est parfaitement \u00e0 l&rsquo;aise dans cette musique m\u00e9lodique et rythm\u00e9e.<\/p><\/blockquote>\n<p style=\"text-align: right;\"><em>Aladin et la lampe merveilleuse<\/em> (Rota) \u2014 C. Scholler, <em>Op\u00e9ra magazine<\/em>, 2016<\/p>\n<blockquote><p>Le Ch\u0153ur lyrique Saint-\u00c9tienne Loire, pr\u00e9par\u00e9 par Laurent Touche, d\u00e9livre une fervente interpr\u00e9tation de l&rsquo;hymne tant attendu, mais aussi une ardeur dramatique saisissante dans les dialogues avec les solistes.<\/p><\/blockquote>\n<p style=\"text-align: right;\"><em>Nabucco<\/em> (Verdi) \u2014\u00a0 P. Henriot,<em> Op\u00e9ra magazine<\/em>, 2016.<\/p>\n<blockquote><p>Dans un tel op\u00e9ra biblique, les ch\u0153urs sont un personnage \u00e0 part enti\u00e8re et Laurent Touche les a admirablement pr\u00e9par\u00e9s.<\/p><\/blockquote>\n<p style=\"text-align: right;\"><em>Nabucco<\/em> (Verdi) \u2014\u00a0 J. Bonnaure, <em>La Lettre du musicien<\/em>, 2016.<\/p>\n<blockquote><p>Une mention pour le tr\u00e8s homog\u00e8ne Ch\u0153ur lyrique.<\/p><\/blockquote>\n<p style=\"text-align: right;\"><em>L&rsquo;Italiana in Algeri<\/em> (Rossini) \u2014\u00a0 A. Caron, <em>Op\u00e9ra magazine<\/em>, 2016<\/p>\n<blockquote><p>Le Ch\u0153ur lyrique et l&rsquo;Orchestre symphonique Saint-\u00c9tienne Loire, conduits avec une assurance rassurante par Laurent Touche, concourent au succ\u00e8s de la repr\u00e9sentation.<\/p><\/blockquote>\n<p style=\"text-align: right;\"><em>Le M\u00e9decin malgr\u00e9 lui<\/em> (Gounod) \u2014 F. Lesueur, <em>Op\u00e9ra magazine<\/em>, 2015.<\/p>\n<blockquote><p>Impeccablement dirig\u00e9 par Laurent Touche, l&rsquo;Orchestre symphonique Saint-\u00c9tienne Loire joue, avec des raffinements admirables, la jolie partition de Messager, dont il rend avec brio la subtilit\u00e9 rythmique et l&rsquo;instrumentation debussyste.<\/p><\/blockquote>\n<p style=\"text-align: right;\"><em>Fortunio<\/em> (Messager) \u2014\u00a0 J.-L. Macia, <em>Op\u00e9ra magazine<\/em>, 2015.<\/p>\n<blockquote><p>\u00c0 la t\u00eate du solide Orchestre symphonique Saint-\u00c9tienne Loire, Laurent Touche insuffle ce qu&rsquo;il faut de p\u00e9tillant pour que la soir\u00e9e soit parfaite.<\/p><\/blockquote>\n<p style=\"text-align: right;\"><em>L&rsquo;\u00eele de Tulipata<\/em>n (Offenbach)\u00a0\u2014 C. Scholler, <em>Op\u00e9ra Magazin<\/em>e, n\u00b0 70, 2012.<\/p>\n<blockquote><p>La partie piano s&rsquo;av\u00e8re la plus substantielle, et l&rsquo;on a plaisir \u00e0 y entendre Laurent Touche, qui est un peu l&rsquo;homme \u00e0 tout -bien &#8211; faire \u00e0 Saint-\u00c9tienne, \u00e0 la fois directeur du ch\u0153ur, chef d&rsquo;orchestre pour <em>Cendrillon<\/em> en octobre et ici accompagnateur d\u00e9licat.<\/p><\/blockquote>\n<p style=\"text-align: right;\">R\u00e9cital <em>Pens\u00e9es d&rsquo;automne<\/em>, avec Ingrid Perruche et Lionel Lhote\u00a0\u2014<em> Forumopera.com<\/em>, novembre 2012.<\/p>\n<blockquote><p>D&rsquo;une pr\u00e9cisions qui ferait p\u00e2lir bien de plus prestigieuses formations, le Ch\u0153ur lyrique Saint-\u00c9tienne Loire force l&rsquo;admiration dans une partition qui le sollicite largement.<\/p><\/blockquote>\n<p style=\"text-align: right;\"><em>Le Mage<\/em> (Massenet) \u2014 G. Charlassier, <em>ConcertoNet.com<\/em>, 2012.<\/p>\n<blockquote><p>Rien \u00e0 reprocher non plus au ch\u0153ur, admirable de coh\u00e9sion et d&rsquo;homog\u00e9n\u00e9it\u00e9, d&rsquo;une intelligibilit\u00e9 parfaite et d&rsquo;une p\u00e2te sonore magnifique, preuve du travail exceptionnel de Laurent Touche.<\/p><\/blockquote>\n<p style=\"text-align: right;\"><em>Le Mage<\/em> (Massenet) \u2014 <em>Classiquenews.com<\/em>, 2012.<\/p>\n<blockquote><p>Au clavier, nous savions d\u00e9j\u00e0 combien sa ma\u00eetrise est confondante. Ici, il semble de d\u00e9multiplier, soutenant les protagonistes, dominant une partition relativement complexe [&#8230;]. Laurent Touche en restitue toutes les nuances avec autant d&rsquo;esprit dans le comique qu&rsquo;une distinction hors de pair pour les passages \u00e9l\u00e9giaques.<\/p><\/blockquote>\n<p style=\"text-align: right;\"><em>Cendrillon<\/em> (Viardot) \u2014 P. Favre-Tissot, <em>Lyon Newsletter<\/em>, mars 2011.<\/p>\n<blockquote><p>V\u00e9ritable op\u00e9ra-comique \u00e0 l&rsquo;\u00e9criture raffin\u00e9e, <em>V\u00e9ronique<\/em> requiert, en plus d&rsquo;un orchestre symphonique capable de transparence et de d\u00e9licatesse, un chef attentif \u00e0 la ligne de chant et \u00e0 la dynamique. La direction de Laurent Touche r\u00e9unit ces qualit\u00e9s et l&rsquo;Orchestre symphonique de Saint-\u00c9tienne, rompu aux \u0153uvres de Berlioz et de Massenet comme \u00e0 la cr\u00e9ation contemporaine, poss\u00e8de l&rsquo;assise pour relever ce d\u00e9fi.<\/p><\/blockquote>\n<p style=\"text-align: right;\"><em>V\u00e9ronique<\/em> (Messager) \u2014 P. Henriot, <em>Op\u00e9ra Magazin<\/em>e, n\u00b0 59, 2011.<\/p>\n<blockquote><p>Cet ensemble d&rsquo;ailleurs est vivifi\u00e9 par la direction de Laurent Touche, un jeune chef qui \u00ab\u00a0monte\u00a0\u00bb, lequel sait user de contrastes, de souplesses, mais aussi parfois d&rsquo;une infinie d\u00e9licatesse, au point m\u00eame de donner \u00e0 l&rsquo;\u00e9criture de Lehar &#8211; un compositeur un rien futile, faut-il bien le reconna\u00eetre &#8211; une profondeur insoup\u00e7onn\u00e9e.<\/p><\/blockquote>\n<p style=\"text-align: right;\"><em>La Veuve joyeuse<\/em> (Lehar)\u00a0\u2014 J.-L. Perrot, <em>Le Progr\u00e8s<\/em>, janvier 2004.<\/p>\n","protected":false},"excerpt":{"rendered":"<p>[page en construction] &nbsp; Comme \u00e0 l&rsquo;accoutum\u00e9e, le Ch\u0153ur lyrique de Saint-\u00c9tienne Loire pr\u00e9par\u00e9 par Laurent Touche m\u00e9nage de grands moments de musique. Tha\u00efs (Massenet) \u2014 Op\u00e9ra Magazine, 2024. Laurent Touche, d&rsquo;autant plus attentif au chant qu&rsquo;il se partage habituellement entre la direction des ch\u0153urs et celle de l&rsquo;orchestre, nous vaut une \u00e9l\u00e9gance, une \u00e9motion &hellip; <a href=\"https:\/\/laurenttouche.fr\/index.php\/revue-de-presse\/\" class=\"more-link\">Continuer la lecture<span class=\"screen-reader-text\"> de &laquo;&nbsp;Revue de presse&nbsp;&raquo;<\/span><\/a><\/p>\n","protected":false},"author":1,"featured_media":0,"parent":0,"menu_order":0,"comment_status":"closed","ping_status":"closed","template":"","meta":[],"_links":{"self":[{"href":"https:\/\/laurenttouche.fr\/index.php\/wp-json\/wp\/v2\/pages\/187"}],"collection":[{"href":"https:\/\/laurenttouche.fr\/index.php\/wp-json\/wp\/v2\/pages"}],"about":[{"href":"https:\/\/laurenttouche.fr\/index.php\/wp-json\/wp\/v2\/types\/page"}],"author":[{"embeddable":true,"href":"https:\/\/laurenttouche.fr\/index.php\/wp-json\/wp\/v2\/users\/1"}],"replies":[{"embeddable":true,"href":"https:\/\/laurenttouche.fr\/index.php\/wp-json\/wp\/v2\/comments?post=187"}],"version-history":[{"count":24,"href":"https:\/\/laurenttouche.fr\/index.php\/wp-json\/wp\/v2\/pages\/187\/revisions"}],"predecessor-version":[{"id":380,"href":"https:\/\/laurenttouche.fr\/index.php\/wp-json\/wp\/v2\/pages\/187\/revisions\/380"}],"wp:attachment":[{"href":"https:\/\/laurenttouche.fr\/index.php\/wp-json\/wp\/v2\/media?parent=187"}],"curies":[{"name":"wp","href":"https:\/\/api.w.org\/{rel}","templated":true}]}}