{"id":20,"date":"2017-12-10T17:20:20","date_gmt":"2017-12-10T16:20:20","guid":{"rendered":"http:\/\/laurenttouche.fr\/?page_id=20"},"modified":"2023-05-28T18:40:08","modified_gmt":"2023-05-28T16:40:08","slug":"recitals-lyriques-et-concerts-choeurs","status":"publish","type":"page","link":"https:\/\/laurenttouche.fr\/index.php\/recitals-lyriques-et-concerts-choeurs\/","title":{"rendered":"Concerts et r\u00e9citals"},"content":{"rendered":"<p>[page en construction]<\/p>\n<h2><strong>Concerts <\/strong><\/h2>\n<figure id=\"attachment_196\" aria-describedby=\"caption-attachment-196\" style=\"width: 986px\" class=\"wp-caption alignnone\"><img data-attachment-id=\"196\" data-permalink=\"https:\/\/laurenttouche.fr\/index.php\/recitals-lyriques-et-concerts-choeurs\/bandeau_instruments_musique\/\" data-orig-file=\"https:\/\/i1.wp.com\/laurenttouche.fr\/wp-content\/uploads\/2017\/12\/bandeau_instruments_musique.jpg?fit=986%2C280&amp;ssl=1\" data-orig-size=\"986,280\" data-comments-opened=\"1\" data-image-meta=\"{&quot;aperture&quot;:&quot;0&quot;,&quot;credit&quot;:&quot;&quot;,&quot;camera&quot;:&quot;&quot;,&quot;caption&quot;:&quot;&quot;,&quot;created_timestamp&quot;:&quot;0&quot;,&quot;copyright&quot;:&quot;&quot;,&quot;focal_length&quot;:&quot;0&quot;,&quot;iso&quot;:&quot;0&quot;,&quot;shutter_speed&quot;:&quot;0&quot;,&quot;title&quot;:&quot;&quot;,&quot;orientation&quot;:&quot;1&quot;}\" data-image-title=\"Instruments de musique\" data-image-description=\"\" data-medium-file=\"https:\/\/i1.wp.com\/laurenttouche.fr\/wp-content\/uploads\/2017\/12\/bandeau_instruments_musique.jpg?fit=300%2C85&amp;ssl=1\" data-large-file=\"https:\/\/i1.wp.com\/laurenttouche.fr\/wp-content\/uploads\/2017\/12\/bandeau_instruments_musique.jpg?fit=840%2C239&amp;ssl=1\" decoding=\"async\" loading=\"lazy\" class=\"size-full wp-image-196\" src=\"https:\/\/i1.wp.com\/laurenttouche.fr\/wp-content\/uploads\/2017\/12\/bandeau_instruments_musique.jpg?resize=840%2C239\" alt=\"\" width=\"840\" height=\"239\" srcset=\"https:\/\/i1.wp.com\/laurenttouche.fr\/wp-content\/uploads\/2017\/12\/bandeau_instruments_musique.jpg?w=986&amp;ssl=1 986w, https:\/\/i1.wp.com\/laurenttouche.fr\/wp-content\/uploads\/2017\/12\/bandeau_instruments_musique.jpg?resize=300%2C85&amp;ssl=1 300w, https:\/\/i1.wp.com\/laurenttouche.fr\/wp-content\/uploads\/2017\/12\/bandeau_instruments_musique.jpg?resize=768%2C218&amp;ssl=1 768w\" sizes=\"(max-width: 709px) 85vw, (max-width: 909px) 67vw, (max-width: 1362px) 62vw, 840px\" data-recalc-dims=\"1\" \/><figcaption id=\"caption-attachment-196\" class=\"wp-caption-text\">Marc Saint-Sa\u00ebns, La Musique (d\u00e9tail) &#8211; mobilier national<\/figcaption><\/figure>\n<p style=\"padding-left: 600px;\"><em><span style=\"color: #993300;\">DM<\/span> : direction musicale<\/em><br \/>\n<em><span style=\"color: #993300;\"> CH<\/span> : chef de ch\u0153ur<\/em><br \/>\n<em><span style=\"color: #993300;\"> CC<\/span> : chef de chant<\/em><\/p>\n<p><em><strong>\u00c0 ch\u0153ur ouvert<\/strong><\/em> | <span style=\"color: #993300;\"><strong>DM <\/strong><\/span>| 2016 | Ch\u0153urs lyriques Saint-\u00c9tienne Loire, Op\u00e9ra de Saint-\u00c9tienne<\/p>\n<hr \/>\n<p><strong><em>Cabaret Vienne Berlin<\/em><\/strong> | <span style=\"color: #993300;\"><strong>DM et piano <\/strong><\/span>| 2002 | Orchestre des Pays de Savoie, Annemasse<\/p>\n<hr \/>\n<p><em><strong>Le C(h)\u0153ur des hommes<\/strong><\/em> | <span style=\"color: #993300;\"><strong>DM <\/strong><\/span>| 2013 | Ch\u0153urs lyriques Saint-\u00c9tienne Loire, Op\u00e9ra de Saint-\u00c9tienne<\/p>\n<hr \/>\n<p><strong><em>Croq\u2019ch\u0153ur la pause musicale de midi<\/em><\/strong><\/p>\n<p style=\"padding-left: 30px;\">De 2010 \u00e0 2015, les ch\u0153urs lyriques Saint-\u00c9tienne Loire ont propos\u00e9, \u00e0 l\u2019heure du d\u00e9jeuner, une s\u00e9rie de concerts comment\u00e9s \u00e0 la Bourse du Travail et \u00e0 l\u2019Auditorium du groupe Casino\u00a0:<\/p>\n<p style=\"padding-left: 30px;\"><strong>Autour de <em>La Cl\u00e9mence de Titus<\/em><\/strong> | <span style=\"color: #993300;\"><strong>DM <\/strong><\/span>| 2015 | Ch\u0153urs lyriques Saint-\u00c9tienne Loire<\/p>\n<p style=\"padding-left: 30px;\"><strong>Autour du <em>Marchand de Venise<\/em><\/strong> | <span style=\"color: #993300;\"><strong>DM <\/strong><\/span>| 2015 | Ch\u0153urs lyriques Saint-\u00c9tienne Loire<\/p>\n<p style=\"padding-left: 30px;\"><strong>Autour de <em>Don Pasquale<\/em><\/strong> | <span style=\"color: #993300;\"><strong>DM <\/strong><\/span>| 2014 | Ch\u0153urs lyriques Saint-\u00c9tienne Loire<\/p>\n<p style=\"padding-left: 30px;\"><strong>Autour des <em>Noces de Figaro<\/em><\/strong> | <span style=\"color: #993300;\"><strong>DM <\/strong><\/span>| 2014 | Ch\u0153urs lyriques Saint-\u00c9tienne Loire<\/p>\n<p style=\"padding-left: 30px;\"><strong>Autour des <em>Barbares<\/em><\/strong> | <span style=\"color: #993300;\"><strong>DM <\/strong><\/span>| 2014 | Ch\u0153urs lyriques Saint-\u00c9tienne Loire<\/p>\n<p style=\"padding-left: 30px;\"><strong>Autour de <em>Lakm\u00e9<\/em><\/strong> | <span style=\"color: #993300;\"><strong>DM <\/strong><\/span>| 2013 | Ch\u0153urs lyriques Saint-\u00c9tienne Loire<\/p>\n<p style=\"padding-left: 30px;\"><strong>Offenbach et l\u2019op\u00e9rette<\/strong> | <span style=\"color: #993300;\"><strong>DM <\/strong><\/span>| 2013 | Ch\u0153urs lyriques Saint-\u00c9tienne Loire<\/p>\n<p style=\"padding-left: 30px;\"><strong>Ch\u0153urs d\u2019Italie 2<\/strong> | <span style=\"color: #993300;\"><strong>DM <\/strong><\/span>| 2013 | Ch\u0153urs lyriques Saint-\u00c9tienne Loire<\/p>\n<p style=\"padding-left: 30px;\"><strong>Massenet et le grand op\u00e9ra fran\u00e7ais<\/strong> | <span style=\"color: #993300;\"><strong>DM <\/strong><\/span>| 2012 | Ch\u0153urs lyriques Saint-\u00c9tienne Loire<\/p>\n<p style=\"padding-left: 30px;\"><strong>Ch\u0153urs d\u2019Orph\u00e9e<\/strong> | <span style=\"color: #993300;\"><strong>DM <\/strong><\/span>| 2012 | Ch\u0153urs lyriques Saint-\u00c9tienne Loire<\/p>\n<p style=\"padding-left: 30px;\"><strong>Ch\u0153urs du Sud<\/strong> | <span style=\"color: #993300;\"><strong>DM <\/strong><\/span>| 2012 | Ch\u0153urs lyriques Saint-\u00c9tienne Loire<\/p>\n<p style=\"padding-left: 30px;\"><strong>Ch\u0153urs amoureux<\/strong> | <span style=\"color: #993300;\"><strong>DM <\/strong><\/span>| 2012 | Ch\u0153urs lyriques Saint-\u00c9tienne Loire<\/p>\n<p style=\"padding-left: 30px;\"><strong>Femmes de ch\u0153ur<\/strong> |<span style=\"color: #993300;\"><strong>DM<\/strong><\/span>| 2011 | Ch\u0153urs lyriques Saint-\u00c9tienne Loire<\/p>\n<p style=\"padding-left: 30px;\"><strong>Grands ch\u0153urs d\u2019op\u00e9ra<\/strong> | <span style=\"color: #993300;\"><strong>DM <\/strong><\/span>| 2011 | Ch\u0153urs lyriques Saint-\u00c9tienne Loire<\/p>\n<p style=\"padding-left: 30px;\"><strong>Ch\u0153urs d\u2019Italie<\/strong> | <span style=\"color: #993300;\"><strong>DM <\/strong><\/span>| 2011 | Ch\u0153urs lyriques Saint-\u00c9tienne Loire<\/p>\n<p style=\"padding-left: 30px;\"><strong>Ch\u0153urs de f\u00eates<\/strong> | <span style=\"color: #993300;\"><strong>DM <\/strong><\/span>| 2010 | Ch\u0153urs lyriques Saint-\u00c9tienne Loire<\/p>\n<p style=\"padding-left: 30px;\"><strong>Ch\u0153urs d\u2019hommes<\/strong> | <span style=\"color: #993300;\"><strong>DM <\/strong><\/span>| 2010 | Ch\u0153urs lyriques Saint-\u00c9tienne Loire<\/p>\n<hr \/>\n<p><strong>Concert de musique fran\u00e7aise<\/strong> (Berlioz, Gounod, Bizet) | <span style=\"color: #993300;\"><strong>DM <\/strong><\/span>| 2010 | Ch\u0153urs de l\u2019Op\u00e9ra de Shanghai,<br \/>\nconservatoire de Shanghai<\/p>\n<hr \/>\n<p><strong>Concert lyrique Lucia Aliberti<\/strong> | <span style=\"color: #993300;\"><strong>CH <\/strong><\/span>| 2002 | Op\u00e9ra de Saint-\u00c9tienne <em>(DM Fournillier)<br \/>\n<\/em><\/p>\n<hr \/>\n<p><strong>\u00a0<\/strong><em><strong>Dames de c\u0153ur<\/strong><\/em> | <span style=\"color: #993300;\"><strong>DM <\/strong><\/span>| 2016 | Ch\u0153urs lyriques Saint-\u00c9tienne Loire, Op\u00e9ra de Saint-\u00c9tienne<\/p>\n<hr \/>\n<p><em><strong>Femmes de ch\u0153ur<\/strong><\/em> | <span style=\"color: #993300;\"><strong>DM <\/strong><\/span>| 2010 | Ch\u0153urs lyriques Saint-\u00c9tienne Loire, Op\u00e9ra de Saint-\u00c9tienne<\/p>\n<hr \/>\n<p><strong>\u00a0<\/strong><strong>F\u00eate de la musique<\/strong> | <span style=\"color: #993300;\"><strong>DM <\/strong><\/span>| 2015| Ch\u0153urs lyriques Saint-\u00c9tienne Loire<\/p>\n<hr \/>\n<p><em><strong>\u00a0<\/strong><strong>Grands ch\u0153urs d\u2019op\u00e9ra<\/strong><\/em> | <span style=\"color: #993300;\"><strong>CH <\/strong><\/span>| 2016 | Ch\u0153urs lyriques Saint-\u00c9tienne Loire, Op\u00e9ra de Saint-\u00c9tienne<br \/>\n<em>(DM Franklin)<\/em><\/p>\n<hr \/>\n<p><strong><em>Grands ch\u0153urs romantiques sacr\u00e9s et profanes<\/em> <\/strong>| <span style=\"color: #993300;\"><strong>DM <\/strong><\/span>| 2010 | Ch\u0153urs lyriques Saint-\u00c9tienne Loire, festival L\u2019\u00c9t\u00e9 musical<\/p>\n<hr \/>\n<p><strong><em> Sounds of Freedom<\/em><\/strong> | <span style=\"color: #993300;\"><strong>CH <\/strong><\/span> | 2013 | Op\u00e9ra de Saint-\u00c9tienne <em>(Ilene Barnes, arrangements Yvinec)<\/em><\/p>\n<hr \/>\n<p><strong><em>\u00a0<\/em><\/strong><strong><em>Vienne au temps de Leh\u00e1r<\/em><\/strong> | <span style=\"color: #993300;\"><strong>DM <\/strong><\/span>| 2006 | solistes de l\u2019Atelier lyrique de l\u2019Op\u00e9ra national de Paris, orchestre-<br \/>\n<span style=\"color: #e1d2c8;\"><del><span style=\"color: #e1d2c8;\">\u00a0<\/span><\/del><\/span>atelier OstinatO, Th\u00e9\u00e2tre Jean Villar, Suresnes<\/p>\n<p><strong>\u00a0<\/strong><\/p>\n<h2><strong>R\u00e9citals <\/strong><\/h2>\n<figure id=\"attachment_198\" aria-describedby=\"caption-attachment-198\" style=\"width: 840px\" class=\"wp-caption alignnone\"><img data-attachment-id=\"198\" data-permalink=\"https:\/\/laurenttouche.fr\/index.php\/recitals-lyriques-et-concerts-choeurs\/bandeau_pianiste\/\" data-orig-file=\"https:\/\/i2.wp.com\/laurenttouche.fr\/wp-content\/uploads\/2017\/12\/bandeau_pianiste.jpg?fit=1143%2C280&amp;ssl=1\" data-orig-size=\"1143,280\" data-comments-opened=\"1\" data-image-meta=\"{&quot;aperture&quot;:&quot;0&quot;,&quot;credit&quot;:&quot;&quot;,&quot;camera&quot;:&quot;&quot;,&quot;caption&quot;:&quot;&quot;,&quot;created_timestamp&quot;:&quot;0&quot;,&quot;copyright&quot;:&quot;&quot;,&quot;focal_length&quot;:&quot;0&quot;,&quot;iso&quot;:&quot;0&quot;,&quot;shutter_speed&quot;:&quot;0&quot;,&quot;title&quot;:&quot;&quot;,&quot;orientation&quot;:&quot;1&quot;}\" data-image-title=\"La petite pianiste\" data-image-description=\"\" data-medium-file=\"https:\/\/i2.wp.com\/laurenttouche.fr\/wp-content\/uploads\/2017\/12\/bandeau_pianiste.jpg?fit=300%2C73&amp;ssl=1\" data-large-file=\"https:\/\/i2.wp.com\/laurenttouche.fr\/wp-content\/uploads\/2017\/12\/bandeau_pianiste.jpg?fit=840%2C206&amp;ssl=1\" decoding=\"async\" loading=\"lazy\" class=\"size-large wp-image-198\" src=\"https:\/\/i2.wp.com\/laurenttouche.fr\/wp-content\/uploads\/2017\/12\/bandeau_pianiste.jpg?resize=840%2C206\" alt=\"\" width=\"840\" height=\"206\" srcset=\"https:\/\/i2.wp.com\/laurenttouche.fr\/wp-content\/uploads\/2017\/12\/bandeau_pianiste.jpg?resize=1024%2C251&amp;ssl=1 1024w, https:\/\/i2.wp.com\/laurenttouche.fr\/wp-content\/uploads\/2017\/12\/bandeau_pianiste.jpg?resize=300%2C73&amp;ssl=1 300w, https:\/\/i2.wp.com\/laurenttouche.fr\/wp-content\/uploads\/2017\/12\/bandeau_pianiste.jpg?resize=768%2C188&amp;ssl=1 768w, https:\/\/i2.wp.com\/laurenttouche.fr\/wp-content\/uploads\/2017\/12\/bandeau_pianiste.jpg?w=1143&amp;ssl=1 1143w\" sizes=\"(max-width: 709px) 85vw, (max-width: 909px) 67vw, (max-width: 1362px) 62vw, 840px\" data-recalc-dims=\"1\" \/><figcaption id=\"caption-attachment-198\" class=\"wp-caption-text\">Henri Matisse, La petite pianiste, robe bleue, fond rouge, 1924, Mus\u00e9e Matisse (d\u00e9tail)<\/figcaption><\/figure>\n<p style=\"padding-left: 30px;\"><strong>R\u00e9cital Ingrid Perruche<\/strong> | <span style=\"color: #993300;\"><strong>piano <\/strong><\/span>| 2017 | ch\u00e2teau de Virieu<\/p>\n<p style=\"padding-left: 30px;\"><strong>R\u00e9cital Elena Galitskaya<\/strong> | <span style=\"color: #993300;\"><strong>piano <\/strong><\/span>| 2016 | Estivales de Brou, ch\u00e2teau de Barbarin et ch\u00e2teau de Virieu<\/p>\n<p style=\"padding-left: 30px;\"><strong>R\u00e9cital Ingrid Perruche<\/strong> | <span style=\"color: #993300;\"><strong>piano <\/strong><\/span>| 2015 | Estivales de Brou<\/p>\n<p style=\"padding-left: 30px;\"><strong>Concert de la Ma\u00eetrise de la Loire<\/strong> | <span style=\"color: #993300;\"><strong>piano <\/strong><\/span>| 2015 | Th\u00e9\u00e2tre municipal, Roanne<\/p>\n<p style=\"padding-left: 30px;\"><strong>R\u00e9cital Ingrid Perruche<\/strong> | <span style=\"color: #993300;\"><strong>piano <\/strong><\/span>| 2014| ch\u00e2teau de Barbarin<\/p>\n<p style=\"padding-left: 30px;\"><em><strong>Femmes compositeurs : les voies de la libert\u00e9<\/strong><\/em> (soliste C. S\u00e9on) | <span style=\"color: #993300;\"><strong>piano <\/strong><\/span>| 2014| La B\u00e2tie d&rsquo;Urf\u00e9<\/p>\n<p style=\"padding-left: 30px;\"><strong>Concert de la Ma\u00eetrise de la Loire<\/strong> | <span style=\"color: #993300;\"><strong>piano <\/strong><\/span>| 2014 | H\u00f4tel du d\u00e9partement, Saint-\u00c9tienne<\/p>\n<p style=\"padding-left: 30px;\"><strong>Les plus belles pages de l\u2019op\u00e9ra de Verdi<\/strong> | <span style=\"color: #993300;\"><strong>piano <\/strong><\/span>| 2011 | Festival Lyriquement v\u00f4tre, Vonnas<\/p>\n<p style=\"padding-left: 30px;\"><em><strong>Pens\u00e9es d\u2019automne<\/strong><\/em>, avec Ingrid Perruche et Lionel Lhote | <span style=\"color: #993300;\"><strong>piano <\/strong><\/span>| 2012 | Op\u00e9ra de Saint-\u00c9tienne<\/p>\n<p style=\"padding-left: 30px;\"><em><strong>L&rsquo;Amour dans tous ses \u00e9tats<\/strong><\/em> (soliste C. S\u00e9on) | <span style=\"color: #993300;\"><strong>piano <\/strong><\/span>| 2012-2013 | tourn\u00e9e dans la Loire<\/p>\n<p style=\"padding-left: 30px;\"><strong>Les plus belles pages de l\u2019op\u00e9ra mozartien<\/strong> | <span style=\"color: #993300;\"><strong>piano <\/strong><\/span>| 2010 | Festival Lyriquement v\u00f4tre, Acad\u00e9mie de M\u00e2con<\/p>\n<p style=\"padding-left: 30px;\"><strong>Les Voix du romantisme allemand<\/strong> | <span style=\"color: #993300;\"><strong>piano <\/strong><\/span>| 2010 | Ma\u00eetrise de la Loire (DM Berthelon)<\/p>\n<p style=\"padding-left: 30px;\"><strong>R\u00e9cital Annie Vavrille<\/strong> | <span style=\"color: #993300;\"><strong>piano <\/strong><\/span>| 2009 | Festival Lyriquement v\u00f4tre, Acad\u00e9mie de M\u00e2con<\/p>\n<p style=\"padding-left: 30px;\"><strong>Ensemble vocal Berlioz <\/strong><em>(E. Chorier, S. Hwang, P. Berg\u00e8re, S. Calmel, C. Babel)<\/em> | <span style=\"color: #993300;\"><strong>piano <\/strong><\/span>| <em>depuis 2006<\/em><em><br \/>\n<\/em>\u00c9clats, Festival de la voix au pays de Dieulefit (2006), Festival Berlioz, la C\u00f4te-Saint-Andr\u00e9 (2006), ch\u00e2teau de Barbarin (2006), ch\u00e2teau d\u2019Artigny (2006), salle Moli\u00e8re, Lyon (2007), \u00c9cully Musical (2007), Festival Berlioz, la C\u00f4te-Saint-Andr\u00e9 (2007), Festival Berlioz, la C\u00f4te-Saint-Andr\u00e9 (2008), ch\u00e2teau d\u2019Esclimont (2008), ch\u00e2teau d\u2019Isenbourg (2009), ch\u00e2teau de Barbarin (2009), Le Vieux Castillon, Castillon du Gard (2010), \u00c9cully musical (2012), ch\u00e2teau d\u2019Artigny (2012), ch\u00e2teau de Barbarin (2016), Les All\u00e9es chantent, Is\u00e8re (2017)<\/p>\n<p style=\"padding-left: 30px;\"><em><strong>Les trois chansonniers<\/strong><\/em> (Brassens, Vian, Lapointe) | <span style=\"color: #993300;\"><strong>piano <\/strong><\/span>| 2003 | Th\u00e9\u00e2tre des P\u00e9nitents, Montbrison<\/p>\n<p style=\"padding-left: 30px;\"><em><strong>L\u00e9o de toutes les couleurs<\/strong><\/em> | <span style=\"color: #993300;\"><strong>piano <\/strong><\/span>| 2003 | Th\u00e9\u00e2tre des P\u00e9nitents, Montbrison<\/p>\n<p style=\"padding-left: 30px;\"><strong>Concert lyrique Jos\u00e9 van Dam<\/strong> | <span style=\"color: #993300;\"><strong>CC <\/strong><\/span>| 2002 | Op\u00e9ra de Saint-Etienne <em>(DM Fournillier)<\/em><\/p>\n<p style=\"padding-left: 30px;\"><strong>Concert Richard Galliano<\/strong> (\u0153uvres de M. Legrand et G.\u00a0Delerue) | <span style=\"color: #993300;\"><strong>piano <\/strong><\/span>| 1999 | Orchestre des Pays de<br \/>\nSavoie, Annecy et Ajaccio <em>(DM Foster)<\/em><\/p>\n<p style=\"padding-left: 30px;\"><strong>R\u00e9cital Laur\u00e9ats des Voix nouvelles 1998<\/strong> | <span style=\"color: #993300;\"><strong>piano<\/strong><\/span>| 1999 | Op\u00e9ra Th\u00e9\u00e2tre de Besan\u00e7on<\/p>\n<p style=\"padding-left: 30px;\"><strong>Operaci\u00f3n Tango <\/strong><em>(J. Gomez, C. Bellu, P. Bourlois)<\/em> | <span style=\"color: #993300;\"><strong>piano <\/strong><\/span>| <em>depuis 1998<br \/>\n<\/em>Cabaret Le Caf\u00e9 chantant ,Paris (1998), festival de Blancafort (1998), premier prix et prix du public au Tournoi international de musique de Tarascon (1999), Th\u00e9\u00e2tre de l\u2019Oseraie, Lyon (1999), Croisi\u00e8res musicales Paquet (1999), Dominicains de Haute-Alsace (2000), Festival Labeaume en musiques (2000), Th\u00e9\u00e2tre du Parc, Andr\u00e9zieux-Bouth\u00e9on (2000), Espace culturel, Mornant (2001), Ferme du Vinatier (2001), festival \u00c9t\u00e9 musical, ch\u00e2teau d\u2019Andr\u00e9zieux-Bouth\u00e9on (2001), Th\u00e9\u00e2tre des c\u00e9lestins, Lyon (2002), Genas danse (2002), \u00c9clats, festival de la voix au pays de Dieulefit (2002), Saison culturelle d\u2019Ecully (2002), \u00c9clats, festival de la voix au pays de Dieulefit (2003), NEC, Saint-Priest-en-Jarez (2003), Les Rues culturelles, Firminy (2003), \u00c9lan culturel, Apt (2003), \u00c9clats, festival de la voix au pays de Dieulefit (2010), Estivales de Brou (2013)<\/p>\n<p style=\"padding-left: 30px;\"><strong>Concert lyrique <em>Una voce poco fa<\/em><\/strong> | <span style=\"color: #993300;\"><strong>CC <\/strong><\/span>| 1997 | Op\u00e9ra de Saint-Etienne <em>(DM Trottein)<\/em><\/p>\n<p style=\"padding-left: 30px;\"><strong>R\u00e9cital Manon Feubel<\/strong> | <span style=\"color: #993300;\"><strong>piano <\/strong><\/span>| 1997 | Op\u00e9ra de Rennes<\/p>\n<p style=\"padding-left: 30px;\"><strong>Ma\u00eetrise de la Loire<\/strong> | <span style=\"color: #993300;\"><strong>piano <\/strong><\/span>| 1992-1999 | une soixantaine de concerts (DM Berthelon)<\/p>\n<p style=\"padding-left: 30px;\"><strong>\u00a0<\/strong><\/p>\n","protected":false},"excerpt":{"rendered":"<p>[page en construction] Concerts DM : direction musicale CH : chef de ch\u0153ur CC : chef de chant \u00c0 ch\u0153ur ouvert | DM | 2016 | Ch\u0153urs lyriques Saint-\u00c9tienne Loire, Op\u00e9ra de Saint-\u00c9tienne Cabaret Vienne Berlin | DM et piano | 2002 | Orchestre des Pays de Savoie, Annemasse Le C(h)\u0153ur des hommes | DM &hellip; <a href=\"https:\/\/laurenttouche.fr\/index.php\/recitals-lyriques-et-concerts-choeurs\/\" class=\"more-link\">Continuer la lecture<span class=\"screen-reader-text\"> de &laquo;&nbsp;Concerts et r\u00e9citals&nbsp;&raquo;<\/span><\/a><\/p>\n","protected":false},"author":1,"featured_media":0,"parent":0,"menu_order":3,"comment_status":"closed","ping_status":"closed","template":"","meta":[],"_links":{"self":[{"href":"https:\/\/laurenttouche.fr\/index.php\/wp-json\/wp\/v2\/pages\/20"}],"collection":[{"href":"https:\/\/laurenttouche.fr\/index.php\/wp-json\/wp\/v2\/pages"}],"about":[{"href":"https:\/\/laurenttouche.fr\/index.php\/wp-json\/wp\/v2\/types\/page"}],"author":[{"embeddable":true,"href":"https:\/\/laurenttouche.fr\/index.php\/wp-json\/wp\/v2\/users\/1"}],"replies":[{"embeddable":true,"href":"https:\/\/laurenttouche.fr\/index.php\/wp-json\/wp\/v2\/comments?post=20"}],"version-history":[{"count":23,"href":"https:\/\/laurenttouche.fr\/index.php\/wp-json\/wp\/v2\/pages\/20\/revisions"}],"predecessor-version":[{"id":347,"href":"https:\/\/laurenttouche.fr\/index.php\/wp-json\/wp\/v2\/pages\/20\/revisions\/347"}],"wp:attachment":[{"href":"https:\/\/laurenttouche.fr\/index.php\/wp-json\/wp\/v2\/media?parent=20"}],"curies":[{"name":"wp","href":"https:\/\/api.w.org\/{rel}","templated":true}]}}