{"id":24,"date":"2017-12-10T17:30:58","date_gmt":"2017-12-10T16:30:58","guid":{"rendered":"http:\/\/laurenttouche.fr\/?page_id=24"},"modified":"2023-05-28T18:40:48","modified_gmt":"2023-05-28T16:40:48","slug":"theatre-musical","status":"publish","type":"page","link":"https:\/\/laurenttouche.fr\/index.php\/theatre-musical\/","title":{"rendered":"Th\u00e9\u00e2tre musical"},"content":{"rendered":"<figure id=\"attachment_227\" aria-describedby=\"caption-attachment-227\" style=\"width: 840px\" class=\"wp-caption alignnone\"><img data-attachment-id=\"227\" data-permalink=\"https:\/\/laurenttouche.fr\/index.php\/theatre-musical\/bandeau_manaus\/\" data-orig-file=\"https:\/\/i0.wp.com\/laurenttouche.fr\/wp-content\/uploads\/2017\/12\/bandeau_Manaus.jpg?fit=1199%2C280&amp;ssl=1\" data-orig-size=\"1199,280\" data-comments-opened=\"1\" data-image-meta=\"{&quot;aperture&quot;:&quot;2.8&quot;,&quot;credit&quot;:&quot;&quot;,&quot;camera&quot;:&quot;DMC-LS60&quot;,&quot;caption&quot;:&quot;&quot;,&quot;created_timestamp&quot;:&quot;1237669232&quot;,&quot;copyright&quot;:&quot;&quot;,&quot;focal_length&quot;:&quot;5.8&quot;,&quot;iso&quot;:&quot;100&quot;,&quot;shutter_speed&quot;:&quot;0.00125&quot;,&quot;title&quot;:&quot;&quot;,&quot;orientation&quot;:&quot;1&quot;}\" data-image-title=\"Op\u00e9ra de Manaus\" data-image-description=\"\" data-medium-file=\"https:\/\/i0.wp.com\/laurenttouche.fr\/wp-content\/uploads\/2017\/12\/bandeau_Manaus.jpg?fit=300%2C70&amp;ssl=1\" data-large-file=\"https:\/\/i0.wp.com\/laurenttouche.fr\/wp-content\/uploads\/2017\/12\/bandeau_Manaus.jpg?fit=840%2C196&amp;ssl=1\" decoding=\"async\" loading=\"lazy\" class=\"size-large wp-image-227\" src=\"https:\/\/i0.wp.com\/laurenttouche.fr\/wp-content\/uploads\/2017\/12\/bandeau_Manaus.jpg?resize=840%2C196\" alt=\"\" width=\"840\" height=\"196\" srcset=\"https:\/\/i0.wp.com\/laurenttouche.fr\/wp-content\/uploads\/2017\/12\/bandeau_Manaus.jpg?resize=1024%2C239&amp;ssl=1 1024w, https:\/\/i0.wp.com\/laurenttouche.fr\/wp-content\/uploads\/2017\/12\/bandeau_Manaus.jpg?resize=300%2C70&amp;ssl=1 300w, https:\/\/i0.wp.com\/laurenttouche.fr\/wp-content\/uploads\/2017\/12\/bandeau_Manaus.jpg?resize=768%2C179&amp;ssl=1 768w, https:\/\/i0.wp.com\/laurenttouche.fr\/wp-content\/uploads\/2017\/12\/bandeau_Manaus.jpg?w=1199&amp;ssl=1 1199w\" sizes=\"(max-width: 709px) 85vw, (max-width: 909px) 67vw, (max-width: 1362px) 62vw, 840px\" data-recalc-dims=\"1\" \/><figcaption id=\"caption-attachment-227\" class=\"wp-caption-text\">L&rsquo;Op\u00e9ra de Manaus<\/figcaption><\/figure>\n<p>[page en construction]<\/p>\n<p style=\"padding-left: 30px;\"><strong><em>Ferme la porte quand tu chantes ! <\/em><\/strong>| <span style=\"color: #993300;\"><strong>piano <\/strong><\/span>| cr\u00e9ation en 2015 | sept repr\u00e9sentations dans la Loire<br \/>\n<em>(MS Jacquet)<br \/>\n<\/em><\/p>\n<hr \/>\n<p style=\"padding-left: 30px;\"><em><strong>Par Jupiter<\/strong>\u00a0<strong>! mais o\u00f9 est donc pass\u00e9e H\u00e9l\u00e8ne <\/strong><\/em>(extraits d\u2019Offenbach)| <span style=\"color: #993300;\"><strong>DM<\/strong><\/span> | 2014 | Sainte-Foy-l\u00e8s-Lyon <em>(MS Jacquet)<br \/>\n<\/em><\/p>\n<hr \/>\n<p style=\"padding-left: 30px;\"><strong><em>Mozart on s\u2019est aim\u00e9<\/em><\/strong> |<span style=\"color: #993300;\"> <strong>piano<\/strong><\/span>| cr\u00e9ation en 2012 | une dizaine de repr\u00e9sentations en Rh\u00f4ne-Alpes<br \/>\n<em>(MS Jacquet)<br \/>\n<\/em><\/p>\n<hr \/>\n<p style=\"padding-left: 30px;\"><strong><em>Un probl\u00e8me de taille<\/em><\/strong> (musique de Jacques Offenbach) | <span style=\"color: #993300;\"><strong>piano<\/strong><\/span> | 2011| Estivales de Brou <em>(MS Hemmerlin)<br \/>\n<\/em><\/p>\n<hr \/>\n<p style=\"padding-left: 30px;\"><strong><em>La Diva et le Tor\u00e9ador<\/em><\/strong> (fantaisie lyrique \u2013 Verdi, Bizet, Offenbach, Messager, Mozart, Bernstein) | <span style=\"color: #993300;\"><strong>direction musicale<\/strong><\/span> | 2006 | Op\u00e9ra de Saint-\u00c9tienne <em>(MS Farman et Gay)<br \/>\n<\/em><\/p>\n<hr \/>\n<p style=\"padding-left: 30px;\"><strong><em>Il nous faut de l\u2019amour<\/em><\/strong> (revue lyrique \u2013 Offenbach, Messager, Leh\u00e1r) |\u00a0<span style=\"color: #993300;\"><strong>direction musicale<\/strong><\/span> | 2005 | Op\u00e9ra de Saint-\u00c9tienne <em>(MS Pisani)<br \/>\n<\/em><\/p>\n<hr \/>\n<p style=\"padding-left: 30px;\"><strong><em>D\u00e9d\u00e9<\/em><\/strong> (Christin\u00e9) | <span style=\"color: #993300;\"><strong>piano<\/strong><\/span> | 1997 | Op\u00e9ra de Montepellier <em>(DM Trottein, MS Duparc)<br \/>\n<\/em><\/p>\n<hr \/>\n<p style=\"padding-left: 30px;\"><strong><em>Il Mondo della Luna <\/em><\/strong>(Haydn) | <span style=\"color: #993300;\"><strong>piano<\/strong><\/span> | 1999 | <em>(MS Jacquet)<\/em><\/p>\n","protected":false},"excerpt":{"rendered":"<p>[page en construction] Ferme la porte quand tu chantes ! | piano | cr\u00e9ation en 2015 | sept repr\u00e9sentations dans la Loire (MS Jacquet) Par Jupiter\u00a0! mais o\u00f9 est donc pass\u00e9e H\u00e9l\u00e8ne (extraits d\u2019Offenbach)| DM | 2014 | Sainte-Foy-l\u00e8s-Lyon (MS Jacquet) Mozart on s\u2019est aim\u00e9 | piano| cr\u00e9ation en 2012 | une dizaine de repr\u00e9sentations &hellip; <a href=\"https:\/\/laurenttouche.fr\/index.php\/theatre-musical\/\" class=\"more-link\">Continuer la lecture<span class=\"screen-reader-text\"> de &laquo;&nbsp;Th\u00e9\u00e2tre musical&nbsp;&raquo;<\/span><\/a><\/p>\n","protected":false},"author":1,"featured_media":0,"parent":0,"menu_order":4,"comment_status":"closed","ping_status":"closed","template":"","meta":[],"_links":{"self":[{"href":"https:\/\/laurenttouche.fr\/index.php\/wp-json\/wp\/v2\/pages\/24"}],"collection":[{"href":"https:\/\/laurenttouche.fr\/index.php\/wp-json\/wp\/v2\/pages"}],"about":[{"href":"https:\/\/laurenttouche.fr\/index.php\/wp-json\/wp\/v2\/types\/page"}],"author":[{"embeddable":true,"href":"https:\/\/laurenttouche.fr\/index.php\/wp-json\/wp\/v2\/users\/1"}],"replies":[{"embeddable":true,"href":"https:\/\/laurenttouche.fr\/index.php\/wp-json\/wp\/v2\/comments?post=24"}],"version-history":[{"count":11,"href":"https:\/\/laurenttouche.fr\/index.php\/wp-json\/wp\/v2\/pages\/24\/revisions"}],"predecessor-version":[{"id":348,"href":"https:\/\/laurenttouche.fr\/index.php\/wp-json\/wp\/v2\/pages\/24\/revisions\/348"}],"wp:attachment":[{"href":"https:\/\/laurenttouche.fr\/index.php\/wp-json\/wp\/v2\/media?parent=24"}],"curies":[{"name":"wp","href":"https:\/\/api.w.org\/{rel}","templated":true}]}}