{"id":260,"date":"2019-10-06T19:29:55","date_gmt":"2019-10-06T17:29:55","guid":{"rendered":"http:\/\/laurenttouche.fr\/?page_id=260"},"modified":"2025-03-23T16:54:51","modified_gmt":"2025-03-23T15:54:51","slug":"actualites-2","status":"publish","type":"page","link":"https:\/\/laurenttouche.fr\/index.php\/actualites-2\/","title":{"rendered":"Saison 2018-2019"},"content":{"rendered":"<h3><span style=\"color: #993300;\">2018<\/span><\/h3>\n<p style=\"text-align: left;\"><strong><span style=\"color: #808080;\"><span style=\"color: #000000;\">septembre<\/span> <\/span><\/strong><span style=\"color: #000000;\"><strong>|<\/strong><\/span><strong><span style=\"color: #808080;\"> 29<\/span> <\/strong><span style=\"color: #000000;\"><strong>|<\/strong><\/span> <strong><em>Requiem <\/em><\/strong>(Faur\u00e9, Durufl\u00e9)<strong> |\u00a0<\/strong><strong><span style=\"color: #993300;\">chef des ch\u0153urs<\/span> | <\/strong>Op\u00e9ra de Saint-\u00c9tienne<del><\/del> <em>(DM Reiland)<\/em><\/p>\n<p style=\"text-align: left;\"><strong><span style=\"color: #808080;\"><span style=\"color: #000000;\">novembre<\/span> <span style=\"color: #000000;\">|<\/span> 14, 16 et 18 <\/span><span style=\"color: #000000;\">|<\/span> <em>H\u00e9rodiade <\/em><\/strong><em>(<\/em>Massenet)<strong> | <span style=\"color: #993300;\">chef des ch\u0153urs<\/span> | <\/strong>Op\u00e9ra de Saint-\u00c9tienne<del><\/del> <em>(DM Ossonce, MS Pichon)<\/em><\/p>\n<p><strong>novembre | <span style=\"color: #999999;\">29 <\/span><\/strong> <strong>| <em>Atelier lyrique<\/em> <\/strong><strong>|<\/strong> <strong><span style=\"color: #993300;\">pianiste<\/span> |<\/strong> Maison d&rsquo;arr\u00eat<em>, <\/em>La Talaudi\u00e8re (42)<\/p>\n<p><strong><span style=\"color: #808080;\"><span style=\"color: #000000;\">d\u00e9cembre<\/span> <span style=\"color: #000000;\">|<\/span> 15, 31 et 2\/01<\/span> <span style=\"color: #000000;\">|<\/span> <em>Il Barbiere di Siviglia<\/em> <\/strong>(Rossini)<strong> | <span style=\"color: #993300;\">chef des ch\u0153urs<\/span> | <\/strong>Op\u00e9ra de Saint-\u00c9tienne <em>(DM Spotti<\/em><strong><em>,\u00a0 <\/em><\/strong><em>MS Rousseau)<\/em><strong><br \/>\n<\/strong><\/p>\n<h3><span style=\"color: #993300;\">2019<\/span><\/h3>\n<p><strong>janvier | <span style=\"color: #999999;\">11<\/span><\/strong> <strong>|<\/strong> <em><strong>Hommage \u00e0 Debussy\u00a0<\/strong><\/em> (Sir\u00e8nes) <strong>|<\/strong> <span style=\"color: #993300;\"><strong>chef des ch\u0153urs<\/strong><\/span> <strong>|<\/strong> Op\u00e9ra de Saint-\u00c9tienne<del><\/del> <em>(DM Bleuse)<\/em><\/p>\n<p><span style=\"color: #808080;\"><strong><span style=\"color: #000000;\">f\u00e9vrier<\/span><span style=\"color: #808080;\"> <span style=\"color: #000000;\">|<\/span> 1, 3 et 5<\/span><\/strong> <span style=\"color: #000000;\"><strong>|<\/strong> <\/span><\/span><em><strong>Cosi fan tutte<\/strong><\/em> (Mozart) <strong>|<\/strong> <span style=\"color: #993300;\"><strong>chef des ch\u0153urs<\/strong><\/span> <strong><span style=\"color: #000000;\">|<\/span><\/strong> Op\u00e9ra de Saint-\u00c9tienne<del><\/del> <em>(DM Mondragon, MS Gayral)<\/em><\/p>\n<p><strong>f\u00e9vrier | <span style=\"color: #999999;\">15 et 16<\/span><\/strong> <strong>|<\/strong> <em><strong>Le P\u00eacheur \u00e0 la lune <\/strong><\/em>(cr\u00e9ation) <strong>|<\/strong> <span style=\"color: #993300;\"><strong>direction musicale <\/strong><\/span><strong>|<\/strong> Op\u00e9ra de Saint-\u00c9tienne<del><\/del><br \/>\n<em>(MS B\u00e9ranger)<\/em><\/p>\n<p><strong><span style=\"color: #808080;\"><span style=\"color: #000000;\">mars<\/span> <span style=\"color: #000000;\">|<\/span> 8, 10 et 12 <span style=\"color: #000000;\">| <\/span><\/span><em>Dante<\/em><\/strong> (Godard)<strong> |<span style=\"color: #993300;\"> chef des ch\u0153urs<\/span> | <\/strong>Op\u00e9ra de Saint-\u00c9tienne <em>(DM Gerts, MS Vesperini)<\/em><em><br \/>\n<\/em><\/p>\n<p><strong>mars | <span style=\"color: #999999;\">16 et 17 <\/span><\/strong> <strong>|<\/strong> <strong><em>La Belle H\u00e9l\u00e8ne <\/em><\/strong>(Offenbach) <strong>|<\/strong> <strong><span style=\"color: #993300;\">direction musicale<\/span> |<\/strong> Th\u00e9\u00e2tre d&rsquo;Irigny (69) <em>(MS Jacquet)<\/em><\/p>\n<p><strong>mai | <span style=\"color: #999999;\">22 et 24 <\/span><\/strong> <strong>| <em>Atelier lyrique<\/em> <\/strong><strong>|<\/strong> <strong><span style=\"color: #993300;\">pianiste<\/span> |<\/strong> Maison d&rsquo;arr\u00eat<em>, <\/em>La Talaudi\u00e8re (42)<\/p>\n<p><strong>mai | <span style=\"color: #999999;\">23 <\/span><\/strong> <strong>|<\/strong> <strong><em>Carmen <\/em><\/strong>(extraits &#8211; projet p\u00e9dagogique) <strong>|<\/strong> <strong><span style=\"color: #993300;\">pianiste<\/span> |<\/strong> coll\u00e8ge Fauriel<em>, <\/em>Saint-Etienne<em><br \/>\n<\/em><\/p>\n<p><strong>juin | <span style=\"color: #999999;\">9 <\/span><\/strong> <strong>|<\/strong> <em><strong>La Passion<\/strong><\/em> <strong><em>Carmen <\/em><\/strong>(th\u00e9\u00e2tre musical) <strong>|<\/strong> <strong><span style=\"color: #993300;\">pianiste<\/span> | <\/strong>Bourg-Achard (27) <em>(MS Gomez)<\/em><\/p>\n<p><strong><span style=\"color: #000000;\">juin<\/span><\/strong> <span style=\"color: #808080;\"><strong><span style=\"color: #000000;\"><em>|<\/em><\/span> 12, 14 et 16 <span style=\"color: #000000;\"><em>|<\/em><\/span><\/strong><\/span> <em><strong>Carmen<\/strong><\/em> (Bizet) <em><strong>| <\/strong><\/em><strong><span style=\"color: #993300;\">chef des ch\u0153urs<\/span> | <\/strong>Op\u00e9ra de Saint-\u00c9tienne<em> (DM Guingal, MS Berloffa)<\/em><\/p>\n<p><span style=\"color: #000000;\"><strong>juin<\/strong><\/span> <strong>|<\/strong><span style=\"color: #808080;\"><strong> 25 <\/strong><\/span><strong>|<em> Stabat Mater <\/em><\/strong>(Rossini)<em> <strong>| <\/strong><\/em><strong><span style=\"color: #993300;\">chef des ch\u0153urs<\/span> | <\/strong>Op\u00e9ra de Saint-\u00c9tienne<em> (DM Grazioli)<\/em><\/p>\n<p><span style=\"color: #000000;\"><strong>juille<\/strong><strong>t<\/strong><\/span> <strong><em>|<\/em><\/strong><span style=\"color: #808080;\"><strong> 6 et 8 <\/strong><\/span><em><strong>|<\/strong> <strong>Don Giovanni <\/strong><\/em>(Mozart) | <span style=\"color: #993300;\"><strong>direction musicale<\/strong><\/span> | Estivales de Brou (01)<em> (MS Calvet)<\/em><\/p>\n<p><strong>juille<\/strong><strong>t<\/strong> <strong><em>|<\/em><\/strong><strong><span style=\"color: #999999;\"> 7<\/span> <\/strong><em><strong>|<\/strong> <strong>R\u00e9cital Fabrice Alibert<\/strong><\/em> | <span style=\"color: #993300;\"><strong>pianiste<\/strong> <\/span>| Estivales de Brou (01)<em><br \/>\n<\/em><\/p>\n<p><em>\u00a0<\/em><\/p>\n","protected":false},"excerpt":{"rendered":"<p>2018 septembre | 29 | Requiem (Faur\u00e9, Durufl\u00e9) |\u00a0chef des ch\u0153urs | Op\u00e9ra de Saint-\u00c9tienne (DM Reiland) novembre | 14, 16 et 18 | H\u00e9rodiade (Massenet) | chef des ch\u0153urs | Op\u00e9ra de Saint-\u00c9tienne (DM Ossonce, MS Pichon) novembre | 29 | Atelier lyrique | pianiste | Maison d&rsquo;arr\u00eat, La Talaudi\u00e8re (42) d\u00e9cembre | 15, &hellip; <a href=\"https:\/\/laurenttouche.fr\/index.php\/actualites-2\/\" class=\"more-link\">Continuer la lecture<span class=\"screen-reader-text\"> de &laquo;&nbsp;Saison 2018-2019&nbsp;&raquo;<\/span><\/a><\/p>\n","protected":false},"author":1,"featured_media":0,"parent":0,"menu_order":7,"comment_status":"closed","ping_status":"closed","template":"","meta":[],"_links":{"self":[{"href":"https:\/\/laurenttouche.fr\/index.php\/wp-json\/wp\/v2\/pages\/260"}],"collection":[{"href":"https:\/\/laurenttouche.fr\/index.php\/wp-json\/wp\/v2\/pages"}],"about":[{"href":"https:\/\/laurenttouche.fr\/index.php\/wp-json\/wp\/v2\/types\/page"}],"author":[{"embeddable":true,"href":"https:\/\/laurenttouche.fr\/index.php\/wp-json\/wp\/v2\/users\/1"}],"replies":[{"embeddable":true,"href":"https:\/\/laurenttouche.fr\/index.php\/wp-json\/wp\/v2\/comments?post=260"}],"version-history":[{"count":4,"href":"https:\/\/laurenttouche.fr\/index.php\/wp-json\/wp\/v2\/pages\/260\/revisions"}],"predecessor-version":[{"id":264,"href":"https:\/\/laurenttouche.fr\/index.php\/wp-json\/wp\/v2\/pages\/260\/revisions\/264"}],"wp:attachment":[{"href":"https:\/\/laurenttouche.fr\/index.php\/wp-json\/wp\/v2\/media?parent=260"}],"curies":[{"name":"wp","href":"https:\/\/api.w.org\/{rel}","templated":true}]}}