{"id":266,"date":"2019-10-06T20:17:30","date_gmt":"2019-10-06T18:17:30","guid":{"rendered":"http:\/\/laurenttouche.fr\/?page_id=266"},"modified":"2025-03-23T16:54:40","modified_gmt":"2025-03-23T15:54:40","slug":"saison-2019-2020","status":"publish","type":"page","link":"https:\/\/laurenttouche.fr\/index.php\/saison-2019-2020\/","title":{"rendered":"Saison 2019-2020"},"content":{"rendered":"<h3><span style=\"color: #993300;\">2019<\/span><\/h3>\n<p><strong>septembre <\/strong><strong>|<\/strong><span style=\"color: #999999;\"><strong> 15 <\/strong><\/span><strong>|<\/strong> <strong><em>Concert lyrique<\/em><\/strong><strong> | <\/strong><strong><span style=\"color: #993300;\">pianiste<\/span> | <\/strong>Ordre international des Anysetiers<em>, <\/em>Saint-Etienne<del><\/del><\/p>\n<p><strong>octobre <\/strong><strong>|<\/strong><span style=\"color: #999999;\"><strong> 5 <\/strong><\/span><strong>|<\/strong> <strong><em>Concert lyrique<\/em><\/strong><strong> | <\/strong><strong><span style=\"color: #993300;\">pianiste<\/span> | <\/strong>Ch\u00e2teau de Barbarin (38)<del><\/del><\/p>\n<p><strong>octobre <\/strong><strong>|<\/strong><span style=\"color: #999999;\"><strong> 19 <\/strong><\/span><strong>|<\/strong> <strong><em>Concert<\/em><\/strong><strong> |\u00a0<\/strong><strong>\u00a0<span style=\"color: #993300;\">direction musicale<\/span> | <\/strong>F\u00eate du Livre, Saint-Etienne<\/p>\n<p style=\"text-align: left;\"><strong><span style=\"color: #808080;\"><span style=\"color: #000000;\">novembre<\/span>\u00a0<\/span><\/strong><span style=\"color: #000000;\"><strong>|<\/strong><\/span><strong><span style=\"color: #808080;\"> 8, 10 et 12<\/span> <\/strong><span style=\"color: #000000;\"><strong>|<\/strong><\/span> <strong><em>Don Giovanni <\/em><\/strong>(Mozart)<strong> | <\/strong><strong><span style=\"color: #993300;\">chef des ch\u0153urs<\/span> | <\/strong>Op\u00e9ra de Saint-\u00c9tienne<del><\/del> <em>(DM Grazioli, MS Delvert)<\/em><\/p>\n<p><strong>novembre\u00a0<\/strong><strong>|<\/strong><span style=\"color: #999999;\"><strong> 14 <\/strong><\/span><strong>|<\/strong> <strong><em>R\u00e9cital lyrique<\/em><\/strong><strong> | <\/strong><strong><span style=\"color: #993300;\">pianiste<\/span> | <\/strong>Novotel, Saint-\u00c9tienne<del><\/del><\/p>\n<h3><span style=\"color: #993300;\">2020<\/span><\/h3>\n<p><strong>janvier | <span style=\"color: #999999;\">3<\/span><\/strong> <strong>|<\/strong> <em><strong>Offenbach en f\u00eate <\/strong><\/em>(concert) <strong>|<\/strong>\u00a0<span style=\"color: #993300;\"><strong>direction musicale<\/strong><\/span> <strong>|<\/strong> Op\u00e9ra de Saint-\u00c9tienne<del><\/del><\/p>\n<p><strong>janvier | <span style=\"color: #999999;\">31, 2 et 4\/02<\/span><\/strong> <strong>|<\/strong> <em><strong>Don Quichotte <\/strong><\/em> (Massenet) <strong>|<\/strong> <span style=\"color: #993300;\"><strong>chef des ch\u0153urs<\/strong><\/span> <strong>|<\/strong> Op\u00e9ra de Saint-\u00c9tienne<del><\/del> <em>(DM Lacombe, MS D\u00e9sir\u00e9)<\/em><\/p>\n<p><strong>f\u00e9vrier | <span style=\"color: #999999;\">9<\/span><\/strong> <strong>|<\/strong> <em><strong>La Troupe Offenbach<\/strong><\/em> <strong>| <span style=\"color: #993300;\">pianiste<\/span><\/strong> <strong>|<\/strong> Th\u00e9\u00e2tre de la Mulati\u00e8re (69)<del><\/del> <em>(MS Jacquet)<\/em><\/p>\n<p><span style=\"color: #808080;\"><strong><span style=\"color: #000000;\">mars<\/span><span style=\"color: #808080;\"> <span style=\"color: #000000;\">|<\/span> 11, 13 et 15<\/span><\/strong> <span style=\"color: #000000;\"><strong>|<\/strong> <\/span><\/span><em><strong>Cavalleria Rusticana<\/strong><\/em> (Mascagni), <em><strong>I Pagliacci<\/strong><\/em> (Leoncavallo) <strong>|<\/strong> <span style=\"color: #993300;\"><strong>chef des ch\u0153urs<\/strong><\/span> <strong><span style=\"color: #000000;\">|<\/span><\/strong> Op\u00e9ra de Saint-\u00c9tienne<del><\/del> <em>(DM Carminati, MS Fourny) <\/em><strong>[Annul\u00e9]<\/strong><em><br \/>\n<\/em><\/p>\n<p><strong>mars | <span style=\"color: #999999;\">19<\/span><\/strong> <strong>|<\/strong> <em><strong>Concert lyrique<\/strong><\/em> <strong>|<\/strong>\u00a0<span style=\"color: #993300;\"><strong>pianiste<\/strong><\/span> <strong>|<\/strong> Bourg-Argental (42)<em><br \/>\n<\/em><\/p>\n<p><strong>avril | <span style=\"color: #999999;\">4<\/span><\/strong> <strong>|<\/strong> <em><strong>Concert lyrique<\/strong><\/em> <strong>|<\/strong>\u00a0<span style=\"color: #993300;\"><strong>pianiste<\/strong><\/span> <strong>|<\/strong> Revel-Tourdan (38)<\/p>\n<p><strong>mai | <span style=\"color: #999999;\">15 et 17<\/span><\/strong> <strong>|<\/strong> <em><strong>La Damnation de Faust <\/strong><\/em>(Berlioz) <strong>|<\/strong> <span style=\"color: #993300;\"><strong>chef des ch\u0153urs <\/strong><\/span><strong>|<\/strong> Op\u00e9ra de Saint-\u00c9tienne<del><\/del> <em>(MS Grazioli) <\/em><strong>[Annul\u00e9]<\/strong><em><br \/>\n<\/em><\/p>\n<p><strong><span style=\"color: #808080;\"><span style=\"color: #000000;\">juin<\/span> <span style=\"color: #000000;\">|<\/span> 17, 19 et 21 <span style=\"color: #000000;\">| <\/span><\/span><em>La Traviata<\/em><\/strong> (Verdi)<strong> |<span style=\"color: #993300;\"> chef des ch\u0153urs<\/span> | <\/strong>Op\u00e9ra de Saint-\u00c9tienne <em>(DM Vanoosten, MS Grinda) <\/em><strong>[Annul\u00e9]<\/strong><em><br \/>\n<\/em><\/p>\n<p><strong>juin | <span style=\"color: #999999;\">18 <\/span><\/strong> <strong>|<\/strong> <strong><em>L&rsquo;\u00cele de Tulipatan <\/em><\/strong>(Offenbach, extraits &#8211; projet p\u00e9dagogique) <strong>|<\/strong> <strong><span style=\"color: #993300;\">pianiste<\/span> |<\/strong> \u00e9cole primaire<em>, <\/em>Fraisse (42)<\/p>\n<p><strong>juin | <span style=\"color: #999999;\">27 <\/span><\/strong> <strong>|<\/strong> <em><strong>Ein Deutsches<\/strong><\/em> <strong><em>Requiem <\/em><\/strong>(Brahms) <strong>|<\/strong>\u00a0<strong><span style=\"color: #993300;\">chef des ch\u0153urs<\/span> |<\/strong> Op\u00e9ra de Saint-\u00c9tienne<em> (MS Reiland) <\/em><strong>[Annul\u00e9]<\/strong><em><br \/>\n<\/em><\/p>\n<p><strong>juillet <\/strong><strong>|<\/strong><span style=\"color: #999999;\"><strong> 4 <\/strong><\/span><strong>|<\/strong> <strong><em>R\u00e9cital lyrique<\/em><\/strong><strong> | <\/strong><strong><span style=\"color: #993300;\">pianiste<\/span> | <\/strong>Estival de Brou (01)<\/p>\n<p><strong>ao\u00fbt <\/strong><strong>|<\/strong><span style=\"color: #999999;\"><strong> 1er <\/strong><\/span><strong>|<\/strong> <strong><em>Concert lyrique<\/em><\/strong><strong> | <\/strong><strong><span style=\"color: #993300;\">pianiste<\/span> | <\/strong>La C\u00f4te-Saint-Andr\u00e9 (38)<\/p>\n","protected":false},"excerpt":{"rendered":"<p>2019 septembre | 15 | Concert lyrique | pianiste | Ordre international des Anysetiers, Saint-Etienne octobre | 5 | Concert lyrique | pianiste | Ch\u00e2teau de Barbarin (38) octobre | 19 | Concert |\u00a0\u00a0direction musicale | F\u00eate du Livre, Saint-Etienne novembre\u00a0| 8, 10 et 12 | Don Giovanni (Mozart) | chef des ch\u0153urs | Op\u00e9ra &hellip; <a href=\"https:\/\/laurenttouche.fr\/index.php\/saison-2019-2020\/\" class=\"more-link\">Continuer la lecture<span class=\"screen-reader-text\"> de &laquo;&nbsp;Saison 2019-2020&nbsp;&raquo;<\/span><\/a><\/p>\n","protected":false},"author":1,"featured_media":0,"parent":0,"menu_order":6,"comment_status":"closed","ping_status":"closed","template":"","meta":[],"_links":{"self":[{"href":"https:\/\/laurenttouche.fr\/index.php\/wp-json\/wp\/v2\/pages\/266"}],"collection":[{"href":"https:\/\/laurenttouche.fr\/index.php\/wp-json\/wp\/v2\/pages"}],"about":[{"href":"https:\/\/laurenttouche.fr\/index.php\/wp-json\/wp\/v2\/types\/page"}],"author":[{"embeddable":true,"href":"https:\/\/laurenttouche.fr\/index.php\/wp-json\/wp\/v2\/users\/1"}],"replies":[{"embeddable":true,"href":"https:\/\/laurenttouche.fr\/index.php\/wp-json\/wp\/v2\/comments?post=266"}],"version-history":[{"count":7,"href":"https:\/\/laurenttouche.fr\/index.php\/wp-json\/wp\/v2\/pages\/266\/revisions"}],"predecessor-version":[{"id":319,"href":"https:\/\/laurenttouche.fr\/index.php\/wp-json\/wp\/v2\/pages\/266\/revisions\/319"}],"wp:attachment":[{"href":"https:\/\/laurenttouche.fr\/index.php\/wp-json\/wp\/v2\/media?parent=266"}],"curies":[{"name":"wp","href":"https:\/\/api.w.org\/{rel}","templated":true}]}}