{"id":27,"date":"2017-12-10T17:40:35","date_gmt":"2017-12-10T16:40:35","guid":{"rendered":"http:\/\/laurenttouche.fr\/?page_id=27"},"modified":"2017-12-12T19:45:46","modified_gmt":"2017-12-12T18:45:46","slug":"discographie","status":"publish","type":"page","link":"https:\/\/laurenttouche.fr\/index.php\/discographie\/","title":{"rendered":"Discographie"},"content":{"rendered":"<p><img data-attachment-id=\"139\" data-permalink=\"https:\/\/laurenttouche.fr\/index.php\/discographie\/couv_barbares\/\" data-orig-file=\"https:\/\/i2.wp.com\/laurenttouche.fr\/wp-content\/uploads\/2017\/12\/couv_Barbares.jpg?fit=1064%2C1628&amp;ssl=1\" data-orig-size=\"1064,1628\" data-comments-opened=\"1\" data-image-meta=\"{&quot;aperture&quot;:&quot;0&quot;,&quot;credit&quot;:&quot;&quot;,&quot;camera&quot;:&quot;&quot;,&quot;caption&quot;:&quot;&quot;,&quot;created_timestamp&quot;:&quot;0&quot;,&quot;copyright&quot;:&quot;&quot;,&quot;focal_length&quot;:&quot;0&quot;,&quot;iso&quot;:&quot;0&quot;,&quot;shutter_speed&quot;:&quot;0&quot;,&quot;title&quot;:&quot;&quot;,&quot;orientation&quot;:&quot;1&quot;}\" data-image-title=\"couv_Barbares\" data-image-description=\"\" data-medium-file=\"https:\/\/i2.wp.com\/laurenttouche.fr\/wp-content\/uploads\/2017\/12\/couv_Barbares.jpg?fit=196%2C300&amp;ssl=1\" data-large-file=\"https:\/\/i2.wp.com\/laurenttouche.fr\/wp-content\/uploads\/2017\/12\/couv_Barbares.jpg?fit=669%2C1024&amp;ssl=1\" decoding=\"async\" loading=\"lazy\" class=\"alignnone wp-image-139 size-medium\" src=\"https:\/\/i2.wp.com\/laurenttouche.fr\/wp-content\/uploads\/2017\/12\/couv_Barbares.jpg?resize=196%2C300\" alt=\"\" width=\"196\" height=\"300\" srcset=\"https:\/\/i2.wp.com\/laurenttouche.fr\/wp-content\/uploads\/2017\/12\/couv_Barbares.jpg?resize=196%2C300&amp;ssl=1 196w, https:\/\/i2.wp.com\/laurenttouche.fr\/wp-content\/uploads\/2017\/12\/couv_Barbares.jpg?resize=768%2C1175&amp;ssl=1 768w, https:\/\/i2.wp.com\/laurenttouche.fr\/wp-content\/uploads\/2017\/12\/couv_Barbares.jpg?resize=669%2C1024&amp;ssl=1 669w, https:\/\/i2.wp.com\/laurenttouche.fr\/wp-content\/uploads\/2017\/12\/couv_Barbares.jpg?w=1064&amp;ssl=1 1064w\" sizes=\"(max-width: 196px) 85vw, 196px\" data-recalc-dims=\"1\" \/><\/p>\n<p>Camille Saint-Sa\u00ebns <em>|<\/em> <em>Les Barbares | <\/em><span style=\"color: #993300;\"><strong>chef de ch\u0153ur<\/strong><\/span><em> | <\/em>Ch\u0153ur lyrique et orchestre symphonique Saint-\u00c9tienne Loire<em>\u00a0(DM Campellone) | <\/em>Collection \u00ab Op\u00e9ra fran\u00e7ais \u00bb du Palazzetto Bru Zane\u00a0 | 2014<\/p>\n<hr \/>\n<p><img data-attachment-id=\"140\" data-permalink=\"https:\/\/laurenttouche.fr\/index.php\/discographie\/couv_mage\/\" data-orig-file=\"https:\/\/i1.wp.com\/laurenttouche.fr\/wp-content\/uploads\/2017\/12\/couv_Mage.jpg?fit=1044%2C1636&amp;ssl=1\" data-orig-size=\"1044,1636\" data-comments-opened=\"1\" data-image-meta=\"{&quot;aperture&quot;:&quot;0&quot;,&quot;credit&quot;:&quot;&quot;,&quot;camera&quot;:&quot;&quot;,&quot;caption&quot;:&quot;&quot;,&quot;created_timestamp&quot;:&quot;0&quot;,&quot;copyright&quot;:&quot;&quot;,&quot;focal_length&quot;:&quot;0&quot;,&quot;iso&quot;:&quot;0&quot;,&quot;shutter_speed&quot;:&quot;0&quot;,&quot;title&quot;:&quot;&quot;,&quot;orientation&quot;:&quot;1&quot;}\" data-image-title=\"couv_Mage\" data-image-description=\"\" data-medium-file=\"https:\/\/i1.wp.com\/laurenttouche.fr\/wp-content\/uploads\/2017\/12\/couv_Mage.jpg?fit=191%2C300&amp;ssl=1\" data-large-file=\"https:\/\/i1.wp.com\/laurenttouche.fr\/wp-content\/uploads\/2017\/12\/couv_Mage.jpg?fit=653%2C1024&amp;ssl=1\" decoding=\"async\" loading=\"lazy\" class=\"alignnone wp-image-140 size-medium\" src=\"https:\/\/i1.wp.com\/laurenttouche.fr\/wp-content\/uploads\/2017\/12\/couv_Mage.jpg?resize=191%2C300\" alt=\"\" width=\"191\" height=\"300\" srcset=\"https:\/\/i1.wp.com\/laurenttouche.fr\/wp-content\/uploads\/2017\/12\/couv_Mage.jpg?resize=191%2C300&amp;ssl=1 191w, https:\/\/i1.wp.com\/laurenttouche.fr\/wp-content\/uploads\/2017\/12\/couv_Mage.jpg?resize=768%2C1203&amp;ssl=1 768w, https:\/\/i1.wp.com\/laurenttouche.fr\/wp-content\/uploads\/2017\/12\/couv_Mage.jpg?resize=653%2C1024&amp;ssl=1 653w, https:\/\/i1.wp.com\/laurenttouche.fr\/wp-content\/uploads\/2017\/12\/couv_Mage.jpg?w=1044&amp;ssl=1 1044w\" sizes=\"(max-width: 191px) 85vw, 191px\" data-recalc-dims=\"1\" \/><\/p>\n<p>Jules Massenet <em>|<\/em> <em>Le Mage<\/em> <em>| <\/em><span style=\"color: #993300;\"><strong>chef de ch\u0153ur<\/strong><\/span><em> | <\/em>Ch\u0153ur lyrique et orchestre symphonique Saint-\u00c9tienne Loire<em>\u00a0(DM Campellone) | <\/em>Collection \u00abOp\u00e9ra fran\u00e7ais\u00bb del Palazzetto Bru Zane\u00a0 | 2013<\/p>\n<hr \/>\n<p><img data-attachment-id=\"142\" data-permalink=\"https:\/\/laurenttouche.fr\/index.php\/discographie\/couv_op\/\" data-orig-file=\"https:\/\/i2.wp.com\/laurenttouche.fr\/wp-content\/uploads\/2017\/12\/couv_OP.jpg?fit=1098%2C946&amp;ssl=1\" data-orig-size=\"1098,946\" data-comments-opened=\"1\" data-image-meta=\"{&quot;aperture&quot;:&quot;0&quot;,&quot;credit&quot;:&quot;&quot;,&quot;camera&quot;:&quot;&quot;,&quot;caption&quot;:&quot;&quot;,&quot;created_timestamp&quot;:&quot;0&quot;,&quot;copyright&quot;:&quot;&quot;,&quot;focal_length&quot;:&quot;0&quot;,&quot;iso&quot;:&quot;0&quot;,&quot;shutter_speed&quot;:&quot;0&quot;,&quot;title&quot;:&quot;&quot;,&quot;orientation&quot;:&quot;1&quot;}\" data-image-title=\"couv_OP\" data-image-description=\"\" data-medium-file=\"https:\/\/i2.wp.com\/laurenttouche.fr\/wp-content\/uploads\/2017\/12\/couv_OP.jpg?fit=300%2C258&amp;ssl=1\" data-large-file=\"https:\/\/i2.wp.com\/laurenttouche.fr\/wp-content\/uploads\/2017\/12\/couv_OP.jpg?fit=840%2C724&amp;ssl=1\" decoding=\"async\" loading=\"lazy\" class=\"alignnone wp-image-142 size-thumbnail\" src=\"https:\/\/i2.wp.com\/laurenttouche.fr\/wp-content\/uploads\/2017\/12\/couv_OP.jpg?resize=150%2C150\" alt=\"\" width=\"150\" height=\"150\" srcset=\"https:\/\/i2.wp.com\/laurenttouche.fr\/wp-content\/uploads\/2017\/12\/couv_OP.jpg?resize=150%2C150&amp;ssl=1 150w, https:\/\/i2.wp.com\/laurenttouche.fr\/wp-content\/uploads\/2017\/12\/couv_OP.jpg?zoom=2&amp;resize=150%2C150 300w, https:\/\/i2.wp.com\/laurenttouche.fr\/wp-content\/uploads\/2017\/12\/couv_OP.jpg?zoom=3&amp;resize=150%2C150 450w\" sizes=\"(max-width: 150px) 85vw, 150px\" data-recalc-dims=\"1\" \/><\/p>\n<p><em>Operaci\u00f3n Tango en concert<\/em> <em>| <\/em><span style=\"color: #993300;\"><strong>piano<\/strong><\/span><em> | <\/em>1999<\/p>\n<hr \/>\n<p><img data-attachment-id=\"141\" data-permalink=\"https:\/\/laurenttouche.fr\/index.php\/discographie\/couv_mjacques\/\" data-orig-file=\"https:\/\/i0.wp.com\/laurenttouche.fr\/wp-content\/uploads\/2017\/12\/couv_MJacques.jpg?fit=1128%2C935&amp;ssl=1\" data-orig-size=\"1128,935\" data-comments-opened=\"1\" data-image-meta=\"{&quot;aperture&quot;:&quot;0&quot;,&quot;credit&quot;:&quot;&quot;,&quot;camera&quot;:&quot;&quot;,&quot;caption&quot;:&quot;&quot;,&quot;created_timestamp&quot;:&quot;0&quot;,&quot;copyright&quot;:&quot;&quot;,&quot;focal_length&quot;:&quot;0&quot;,&quot;iso&quot;:&quot;0&quot;,&quot;shutter_speed&quot;:&quot;0&quot;,&quot;title&quot;:&quot;&quot;,&quot;orientation&quot;:&quot;1&quot;}\" data-image-title=\"couv_MJacques\" data-image-description=\"\" data-medium-file=\"https:\/\/i0.wp.com\/laurenttouche.fr\/wp-content\/uploads\/2017\/12\/couv_MJacques.jpg?fit=300%2C249&amp;ssl=1\" data-large-file=\"https:\/\/i0.wp.com\/laurenttouche.fr\/wp-content\/uploads\/2017\/12\/couv_MJacques.jpg?fit=840%2C696&amp;ssl=1\" decoding=\"async\" loading=\"lazy\" class=\"alignnone wp-image-141 size-thumbnail\" src=\"https:\/\/i0.wp.com\/laurenttouche.fr\/wp-content\/uploads\/2017\/12\/couv_MJacques.jpg?resize=150%2C150\" alt=\"\" width=\"150\" height=\"150\" srcset=\"https:\/\/i0.wp.com\/laurenttouche.fr\/wp-content\/uploads\/2017\/12\/couv_MJacques.jpg?resize=150%2C150&amp;ssl=1 150w, https:\/\/i0.wp.com\/laurenttouche.fr\/wp-content\/uploads\/2017\/12\/couv_MJacques.jpg?zoom=2&amp;resize=150%2C150 300w, https:\/\/i0.wp.com\/laurenttouche.fr\/wp-content\/uploads\/2017\/12\/couv_MJacques.jpg?zoom=3&amp;resize=150%2C150 450w\" sizes=\"(max-width: 150px) 85vw, 150px\" data-recalc-dims=\"1\" \/><\/p>\n<p>Michel Jacques <em>|<\/em> <em>Jusque chez vous&#8230; <\/em><em>(<\/em><span style=\"color: #993300;\"><span style=\"color: #000000;\">chanson fran\u00e7aise) <\/span><\/span><strong><span style=\"color: #993300;\"><span style=\"color: #000000;\"><em>|<\/em><\/span> composition, arrangements, piano<\/span><\/strong><em> |<\/em> 1996<\/p>\n","protected":false},"excerpt":{"rendered":"<p>Camille Saint-Sa\u00ebns | Les Barbares | chef de ch\u0153ur | Ch\u0153ur lyrique et orchestre symphonique Saint-\u00c9tienne Loire\u00a0(DM Campellone) | Collection \u00ab Op\u00e9ra fran\u00e7ais \u00bb du Palazzetto Bru Zane\u00a0 | 2014 Jules Massenet | Le Mage | chef de ch\u0153ur | Ch\u0153ur lyrique et orchestre symphonique Saint-\u00c9tienne Loire\u00a0(DM Campellone) | Collection \u00abOp\u00e9ra fran\u00e7ais\u00bb del Palazzetto Bru &hellip; <a href=\"https:\/\/laurenttouche.fr\/index.php\/discographie\/\" class=\"more-link\">Continuer la lecture<span class=\"screen-reader-text\"> de &laquo;&nbsp;Discographie&nbsp;&raquo;<\/span><\/a><\/p>\n","protected":false},"author":1,"featured_media":0,"parent":0,"menu_order":5,"comment_status":"closed","ping_status":"closed","template":"","meta":[],"_links":{"self":[{"href":"https:\/\/laurenttouche.fr\/index.php\/wp-json\/wp\/v2\/pages\/27"}],"collection":[{"href":"https:\/\/laurenttouche.fr\/index.php\/wp-json\/wp\/v2\/pages"}],"about":[{"href":"https:\/\/laurenttouche.fr\/index.php\/wp-json\/wp\/v2\/types\/page"}],"author":[{"embeddable":true,"href":"https:\/\/laurenttouche.fr\/index.php\/wp-json\/wp\/v2\/users\/1"}],"replies":[{"embeddable":true,"href":"https:\/\/laurenttouche.fr\/index.php\/wp-json\/wp\/v2\/comments?post=27"}],"version-history":[{"count":6,"href":"https:\/\/laurenttouche.fr\/index.php\/wp-json\/wp\/v2\/pages\/27\/revisions"}],"predecessor-version":[{"id":147,"href":"https:\/\/laurenttouche.fr\/index.php\/wp-json\/wp\/v2\/pages\/27\/revisions\/147"}],"wp:attachment":[{"href":"https:\/\/laurenttouche.fr\/index.php\/wp-json\/wp\/v2\/media?parent=27"}],"curies":[{"name":"wp","href":"https:\/\/api.w.org\/{rel}","templated":true}]}}