{"id":284,"date":"2023-01-22T18:40:47","date_gmt":"2023-01-22T17:40:47","guid":{"rendered":"http:\/\/laurenttouche.fr\/?page_id=284"},"modified":"2025-03-23T16:54:20","modified_gmt":"2025-03-23T15:54:20","slug":"saison-2021-2022","status":"publish","type":"page","link":"https:\/\/laurenttouche.fr\/index.php\/saison-2021-2022\/","title":{"rendered":"Saison 2021-2022"},"content":{"rendered":"<h3><span style=\"color: #993300;\">2021<\/span><\/h3>\n<p><strong>septembre <\/strong><strong>|<\/strong><span style=\"color: #808080;\"><strong> 9 <\/strong><\/span><strong>|<\/strong> <strong>concert lyrique<\/strong><strong> | <\/strong><strong><span style=\"color: #993300;\">piano<\/span> | <\/strong>CHU<em>, <\/em>Saint-Etienne<\/p>\n<p><strong>septembre <\/strong><strong>|<\/strong><span style=\"color: #808080;\"><strong> 18 <\/strong><\/span><strong>|<\/strong> <strong><em>Cantare &amp; vivere <\/em><\/strong>(th\u00e9\u00e2tre musical)<strong> | <\/strong><strong><span style=\"color: #993300;\">piano<\/span> | <\/strong>Ch\u00e2teau de la Garde (Ain)<\/p>\n<p><strong>septembre |<span style=\"color: #808080;\"> 24<\/span> | concert lyrique | <span style=\"color: #993300;\">piano<\/span> | <\/strong>Foire de Saint-Etienne<\/p>\n<p><strong>octobre | <span style=\"color: #808080;\">1er<\/span> | <em>La Vierge <\/em>(Massenet) | <span style=\"color: #993300;\">chef des ch\u0153urs<\/span> | <\/strong>Op\u00e9ra de Saint-\u00c9tienne <em>(DM Cravero)<\/em><\/p>\n<p><strong>octobre | <span style=\"color: #808080;\">2<\/span> |\u00a0concert lyrique | <span style=\"color: #993300;\">piano<\/span> | <\/strong>Op\u00e9ra de Saint-\u00c9tienne<\/p>\n<p><strong>octobre | <span style=\"color: #808080;\">6-8<\/span> | atelier lyrique | <span style=\"color: #993300;\">piano<\/span> | <\/strong>Maison d&rsquo;arr\u00eat de La Talaudi\u00e8re<\/p>\n<p><strong>octobre | <span style=\"color: #808080;\">14<\/span> | concert Nougaro | <span style=\"color: #993300;\">piano<\/span> | <\/strong>Novotel Saint-Etienne<\/p>\n<p><strong>octobre | <span style=\"color: #808080;\">17<\/span> | concert lyrique | <span style=\"color: #993300;\">chef des ch\u0153urs<\/span> | <\/strong>F\u00eate du livre Saint-Etienne<\/p>\n<p><strong>novembre <\/strong><strong>|<\/strong><span style=\"color: #808080;\"><strong> 5, 7 et 9 <\/strong><\/span><strong>|<\/strong> <strong><em>Madama Butterfly <\/em><\/strong>(Puccini)<strong> | <\/strong><strong><span style=\"color: #993300;\">chef des ch\u0153urs<\/span> | <\/strong>Op\u00e9ra de Saint-\u00c9tienne<del><\/del> <em>(DM Grazioli, MS Bastet)<\/em><\/p>\n<p><strong>d\u00e9cembre | <span style=\"color: #808080;\">2<\/span> |\u00a0concert p\u00e9dagogique | <span style=\"color: #993300;\">piano<\/span> | <\/strong>Op\u00e9ra de Saint-\u00c9tienne<\/p>\n<p><strong>d\u00e9cembre | <span style=\"color: #808080;\">14<\/span> |\u00a0concert p\u00e9dagogique | <span style=\"color: #993300;\">piano<\/span> | <\/strong>Bourg-Argental<\/p>\n<p><strong>d\u00e9cembre <\/strong><strong>|<\/strong><span style=\"color: #808080;\"><strong> 18 <\/strong><\/span><strong>|<\/strong> <strong><em>Cantare &amp; vivere <\/em><\/strong>(th\u00e9\u00e2tre musical)<strong> | <\/strong><strong><span style=\"color: #993300;\">piano<\/span> | <\/strong>Ch\u00e2teau de Salvert (Ain)<\/p>\n<p><strong>d\u00e9cembre <\/strong><strong>|<\/strong><strong><span style=\"color: #808080;\"> 31<\/span> <\/strong><strong>|<\/strong> <strong>concert du nouvel An<\/strong><strong> | <\/strong><strong><span style=\"color: #993300;\">chef des ch\u0153urs<\/span> | <\/strong>Op\u00e9ra de Saint-\u00c9tienne<del><\/del> <em>(DM Grazioli)<\/em><\/p>\n<h3><span style=\"color: #993300;\">2022<\/span><\/h3>\n<p><strong>janvier <\/strong><strong>|<\/strong><span style=\"color: #808080;\"><strong> 15 <\/strong><\/span><strong>|<\/strong> <strong><em>Miroir de femmes <\/em><\/strong>(th\u00e9\u00e2tre musical)<strong> | <\/strong><strong><span style=\"color: #993300;\">piano<\/span> | <\/strong>Centre social Beaubrun<em>, <\/em>Saint-Etienne<del><\/del><\/p>\n<p><strong>janvier <\/strong><strong>|<\/strong><span style=\"color: #808080;\"><strong> 26, 28 et 30 <\/strong><\/span><strong>|<\/strong> <strong><em>Hamlet <\/em><\/strong>(Thomas)<strong> | <\/strong><strong><span style=\"color: #993300;\">chef des ch\u0153urs<\/span> | <\/strong>Op\u00e9ra de Saint-\u00c9tienne<del><\/del> <em>(DM Lacombe, MS Berlofa)<\/em><del><\/del><\/p>\n<p><strong>f\u00e9vier <\/strong><strong>|<\/strong><span style=\"color: #808080;\"><strong> 4, 5 et 6 <\/strong><\/span><strong>|<\/strong> <strong><em>concerts<\/em><\/strong><strong> |\u00a0<\/strong><strong><span style=\"color: #993300;\"> piano<\/span> | <\/strong>Ensemble vocal Berlioz, Is\u00e8re<\/p>\n<p><strong>mars <\/strong><strong>|<\/strong><span style=\"color: #808080;\"><strong> 19 <\/strong><\/span><strong>|<\/strong> <strong><em>concert lyrique<\/em><\/strong><strong> |\u00a0<\/strong><strong><span style=\"color: #993300;\"> piano<\/span> |\u00a0<\/strong>Saint-\u00c9tienne<del><\/del><\/p>\n<p><strong>avril <\/strong><strong>|<\/strong><strong> 7 <\/strong><strong>|<\/strong> <strong><em>Alexandre Nevski <\/em><\/strong>(Prokoviev)<strong> | <\/strong><strong><span style=\"color: #993300;\">chef des ch\u0153urs<\/span> | <\/strong>Op\u00e9ra de Saint-\u00c9tienne<del><\/del> <em>(DM Grazioli)<\/em><\/p>\n<p><strong>mai <\/strong><strong>|<\/strong><strong><span style=\"color: #808080;\"> 6, 8 et 10<\/span> <\/strong><strong>|<\/strong> <strong><em>Lancelot <\/em><\/strong>(Jonci\u00e8res)<strong> | <\/strong><strong><span style=\"color: #993300;\">chef des ch\u0153urs<\/span> | <\/strong>Op\u00e9ra de Saint-\u00c9tienne<del><\/del> <em>(DM Niquet, MS Vesp\u00e9rini)<\/em><\/p>\n<p><strong>juin <\/strong><strong>|<\/strong><span style=\"color: #808080;\"><strong> 12, 14 et 16 <\/strong><\/span><strong>|<\/strong> <strong><em>La Traviata <\/em><\/strong>(Verdi)<strong> | <\/strong><strong><span style=\"color: #993300;\">chef des ch\u0153urs<\/span> | <\/strong>Op\u00e9ra de Saint-\u00c9tienne<del><\/del> <em>(DM Grazioli, MS Grinda)<\/em><\/p>\n<p><strong>juin <\/strong><strong>|<\/strong><span style=\"color: #808080;\"><strong> 25 <\/strong><\/span><strong>|<\/strong> <strong><em>Carmina Burana <\/em><\/strong>(Orff)<strong> | <\/strong><strong><span style=\"color: #993300;\">chef des ch\u0153urs<\/span> | <\/strong>Op\u00e9ra de Saint-\u00c9tienne<del><\/del> <em>(DM Gerts)<\/em><\/p>\n<p><strong>juillet <\/strong><strong>|<\/strong><strong><span style=\"color: #808080;\"> 9 et 11<\/span> <\/strong><strong>|<\/strong> <strong><em>Le Nozze di Figaro <\/em><\/strong>(Mozart)<strong> | <\/strong><strong><span style=\"color: #993300;\">direction musicale<\/span> | <\/strong>Estivales de Brou<del><\/del> <em>(MS Calvet)<\/em><\/p>\n<p><strong>juillet <\/strong><strong>|<\/strong><span style=\"color: #808080;\"><strong> 10 <\/strong><\/span><strong>|<\/strong> <strong><em>r\u00e9cital lyrique<\/em><\/strong><strong> | <\/strong><strong><span style=\"color: #993300;\">piano<\/span> | <\/strong>Estivales de Brou<del><\/del><\/p>\n","protected":false},"excerpt":{"rendered":"<p>2021 septembre | 9 | concert lyrique | piano | CHU, Saint-Etienne septembre | 18 | Cantare &amp; vivere (th\u00e9\u00e2tre musical) | piano | Ch\u00e2teau de la Garde (Ain) septembre | 24 | concert lyrique | piano | Foire de Saint-Etienne octobre | 1er | La Vierge (Massenet) | chef des ch\u0153urs | Op\u00e9ra de &hellip; <a href=\"https:\/\/laurenttouche.fr\/index.php\/saison-2021-2022\/\" class=\"more-link\">Continuer la lecture<span class=\"screen-reader-text\"> de &laquo;&nbsp;Saison 2021-2022&nbsp;&raquo;<\/span><\/a><\/p>\n","protected":false},"author":1,"featured_media":0,"parent":0,"menu_order":4,"comment_status":"closed","ping_status":"closed","template":"","meta":[],"_links":{"self":[{"href":"https:\/\/laurenttouche.fr\/index.php\/wp-json\/wp\/v2\/pages\/284"}],"collection":[{"href":"https:\/\/laurenttouche.fr\/index.php\/wp-json\/wp\/v2\/pages"}],"about":[{"href":"https:\/\/laurenttouche.fr\/index.php\/wp-json\/wp\/v2\/types\/page"}],"author":[{"embeddable":true,"href":"https:\/\/laurenttouche.fr\/index.php\/wp-json\/wp\/v2\/users\/1"}],"replies":[{"embeddable":true,"href":"https:\/\/laurenttouche.fr\/index.php\/wp-json\/wp\/v2\/comments?post=284"}],"version-history":[{"count":9,"href":"https:\/\/laurenttouche.fr\/index.php\/wp-json\/wp\/v2\/pages\/284\/revisions"}],"predecessor-version":[{"id":328,"href":"https:\/\/laurenttouche.fr\/index.php\/wp-json\/wp\/v2\/pages\/284\/revisions\/328"}],"wp:attachment":[{"href":"https:\/\/laurenttouche.fr\/index.php\/wp-json\/wp\/v2\/media?parent=284"}],"curies":[{"name":"wp","href":"https:\/\/api.w.org\/{rel}","templated":true}]}}