{"id":368,"date":"2025-03-23T16:50:28","date_gmt":"2025-03-23T15:50:28","guid":{"rendered":"https:\/\/laurenttouche.fr\/?page_id=368"},"modified":"2025-03-23T16:53:44","modified_gmt":"2025-03-23T15:53:44","slug":"saison-2024-2025","status":"publish","type":"page","link":"https:\/\/laurenttouche.fr\/index.php\/saison-2024-2025\/","title":{"rendered":"Saison 2024-2025"},"content":{"rendered":"<h3><span style=\"color: #993300;\">2024<\/span><\/h3>\n<p><strong>octobre <\/strong><strong>|<\/strong><span style=\"color: #808080;\"><strong> 5 <\/strong><\/span><strong>|<\/strong> <strong><em>Concert<\/em><\/strong><strong> | <\/strong><strong><span style=\"color: #993300;\">piano<\/span> | c<\/strong>h\u00e2teau de Barbarin<\/p>\n<p><del><\/del><strong>novembre <\/strong><strong>|<\/strong><span style=\"color: #808080;\"><strong> 15, 17 et 19 <\/strong><\/span><strong>| <em>Tha\u00efs<\/em><\/strong><strong>\u00a0 <\/strong>(Massenet)<strong> |\u00a0<\/strong><strong><span style=\"color: #993300;\">chef des ch\u0153urs<\/span> |\u00a0<\/strong>Op\u00e9ra de Saint-\u00c9tienne<del><\/del> <em>(DM Vanoosten, <\/em><em>MS Rousseau) <\/em><\/p>\n<p><strong>d\u00e9cembre <\/strong><strong>|<\/strong><span style=\"color: #808080;\"><strong> 31 <\/strong><\/span><strong>|<\/strong> <strong><em>Concert du Nouvel An\u00a0<\/em><\/strong><strong> |\u00a0<\/strong><strong><span style=\"color: #993300;\">direction musicale<\/span> |\u00a0<\/strong>Op\u00e9ra de Saint-\u00c9tienne<del><\/del><\/p>\n<h3><span style=\"color: #993300;\">2025<\/span><\/h3>\n<p><strong>f\u00e9vrier <\/strong><strong>|<\/strong><span style=\"color: #808080;\"><strong> 11 <\/strong><\/span><strong>|<\/strong> <strong><em>Le Messie <\/em><\/strong>(Haendel) <strong>| <\/strong><strong><span style=\"color: #993300;\">chef des ch\u0153urs<\/span> |\u00a0<\/strong>Op\u00e9ra de Saint-\u00c9tienne<del><\/del> <em>(DM Agnew<\/em><em>) <\/em><\/p>\n<p><strong>mars <\/strong><strong>|<\/strong><span style=\"color: #808080;\"><strong> 9, 11 et 13 <\/strong><\/span><strong>|<\/strong> <em><strong>Cavalleria Rusticana <\/strong><\/em>(Mascagni) &#8211; <em><strong>I Pagliacci <\/strong><\/em>(Leoncavallo)<strong> | <\/strong><strong><span style=\"color: #993300;\">chef des ch\u0153urs<\/span> | <\/strong>Op\u00e9ra de Saint-\u00c9tienne<del><\/del> <em>(DM Franklin, MS Berloffa)<\/em><\/p>\n<p><strong>mai <\/strong><strong>|<\/strong><span style=\"color: #808080;\"><strong> 9, 11 et 13 <\/strong><\/span><strong>|<\/strong> <strong><em>Samson et Dalila <\/em><\/strong>(Saint-Sa\u00ebns)<strong> | <\/strong><strong><span style=\"color: #993300;\">chef des ch\u0153urs<\/span> | <\/strong>Op\u00e9ra de Saint-\u00c9tienne<del><\/del> <em>(DM Tourniaire, MS Karaman)<\/em><\/p>\n<p><strong>juin <\/strong><strong>|<\/strong><span style=\"color: #808080;\"><strong> 13, 15 et 17 <\/strong><\/span><strong>|<\/strong> <strong><em>L&rsquo;Enl\u00e8vement au s\u00e9rail <\/em><\/strong>(Mozart)<strong> | <\/strong><strong><span style=\"color: #993300;\">chef des ch\u0153urs<\/span> | <\/strong>Op\u00e9ra de Saint-\u00c9tienne<del><\/del> <em>(DM Grazioli, MS Mast)<\/em><\/p>\n<p><strong>juillet <\/strong><strong>|<\/strong><span style=\"color: #808080;\"><strong>5 et 7 <\/strong><\/span><strong>|<\/strong> <strong><em>Le Barbier de S\u00e9ville <\/em><\/strong>(Rossini)<strong> |\u00a0<\/strong><strong><span style=\"color: #993300;\">direction musicale<\/span> | <\/strong>Estivales de Brou <del><\/del> <em>(MS Calvet)<\/em><\/p>\n<p><strong>juillet <\/strong><strong>|<\/strong><span style=\"color: #808080;\"><strong> 9 <\/strong><\/span><strong>|<\/strong> <strong><em>R\u00e9cital<\/em><\/strong><strong> | <\/strong><strong><span style=\"color: #993300;\">piano<\/span> | <\/strong>Estivales de Brou <del><\/del><\/p>\n<p>&nbsp;<\/p>\n","protected":false},"excerpt":{"rendered":"<p>2024 octobre | 5 | Concert | piano | ch\u00e2teau de Barbarin novembre | 15, 17 et 19 | Tha\u00efs\u00a0 (Massenet) |\u00a0chef des ch\u0153urs |\u00a0Op\u00e9ra de Saint-\u00c9tienne (DM Vanoosten, MS Rousseau) d\u00e9cembre | 31 | Concert du Nouvel An\u00a0 |\u00a0direction musicale |\u00a0Op\u00e9ra de Saint-\u00c9tienne 2025 f\u00e9vrier | 11 | Le Messie (Haendel) | chef des &hellip; <a href=\"https:\/\/laurenttouche.fr\/index.php\/saison-2024-2025\/\" class=\"more-link\">Continuer la lecture<span class=\"screen-reader-text\"> de &laquo;&nbsp;Saison 2024-2025&nbsp;&raquo;<\/span><\/a><\/p>\n","protected":false},"author":1,"featured_media":0,"parent":0,"menu_order":1,"comment_status":"closed","ping_status":"closed","template":"","meta":[],"_links":{"self":[{"href":"https:\/\/laurenttouche.fr\/index.php\/wp-json\/wp\/v2\/pages\/368"}],"collection":[{"href":"https:\/\/laurenttouche.fr\/index.php\/wp-json\/wp\/v2\/pages"}],"about":[{"href":"https:\/\/laurenttouche.fr\/index.php\/wp-json\/wp\/v2\/types\/page"}],"author":[{"embeddable":true,"href":"https:\/\/laurenttouche.fr\/index.php\/wp-json\/wp\/v2\/users\/1"}],"replies":[{"embeddable":true,"href":"https:\/\/laurenttouche.fr\/index.php\/wp-json\/wp\/v2\/comments?post=368"}],"version-history":[{"count":2,"href":"https:\/\/laurenttouche.fr\/index.php\/wp-json\/wp\/v2\/pages\/368\/revisions"}],"predecessor-version":[{"id":370,"href":"https:\/\/laurenttouche.fr\/index.php\/wp-json\/wp\/v2\/pages\/368\/revisions\/370"}],"wp:attachment":[{"href":"https:\/\/laurenttouche.fr\/index.php\/wp-json\/wp\/v2\/media?parent=368"}],"curies":[{"name":"wp","href":"https:\/\/api.w.org\/{rel}","templated":true}]}}