{"id":41,"date":"2017-12-10T19:29:10","date_gmt":"2017-12-10T18:29:10","guid":{"rendered":"http:\/\/laurenttouche.fr\/?page_id=41"},"modified":"2017-12-16T14:56:22","modified_gmt":"2017-12-16T13:56:22","slug":"galerie","status":"publish","type":"page","link":"https:\/\/laurenttouche.fr\/index.php\/galerie\/","title":{"rendered":"P\u00eale-m\u00eale"},"content":{"rendered":"<div data-carousel-extra='{\"blog_id\":1,\"permalink\":\"https:\\\/\\\/laurenttouche.fr\\\/index.php\\\/galerie\\\/\"}' id='gallery-1' class='gallery galleryid-41 gallery-columns-3 gallery-size-thumbnail'><figure class='gallery-item'>\n\t\t\t<div class='gallery-icon portrait'>\n\t\t\t\t<a href='https:\/\/laurenttouche.fr\/concert_choeur_3\/'><img width=\"150\" height=\"150\" src=\"https:\/\/i2.wp.com\/laurenttouche.fr\/wp-content\/uploads\/2017\/12\/concert_choeur_3.jpg?resize=150%2C150&amp;ssl=1\" class=\"attachment-thumbnail size-thumbnail\" alt=\"\" decoding=\"async\" loading=\"lazy\" srcset=\"https:\/\/i2.wp.com\/laurenttouche.fr\/wp-content\/uploads\/2017\/12\/concert_choeur_3.jpg?resize=150%2C150&amp;ssl=1 150w, https:\/\/i2.wp.com\/laurenttouche.fr\/wp-content\/uploads\/2017\/12\/concert_choeur_3.jpg?zoom=2&amp;resize=150%2C150 300w\" sizes=\"(max-width: 150px) 85vw, 150px\" data-attachment-id=\"220\" data-permalink=\"https:\/\/laurenttouche.fr\/concert_choeur_3\/\" data-orig-file=\"https:\/\/i2.wp.com\/laurenttouche.fr\/wp-content\/uploads\/2017\/12\/concert_choeur_3.jpg?fit=378%2C567&amp;ssl=1\" data-orig-size=\"378,567\" data-comments-opened=\"1\" data-image-meta=\"{&quot;aperture&quot;:&quot;2.8&quot;,&quot;credit&quot;:&quot;&quot;,&quot;camera&quot;:&quot;Canon EOS 30D&quot;,&quot;caption&quot;:&quot;&quot;,&quot;created_timestamp&quot;:&quot;1110989848&quot;,&quot;copyright&quot;:&quot;&quot;,&quot;focal_length&quot;:&quot;200&quot;,&quot;iso&quot;:&quot;1600&quot;,&quot;shutter_speed&quot;:&quot;0.005&quot;,&quot;title&quot;:&quot;&quot;,&quot;orientation&quot;:&quot;1&quot;}\" data-image-title=\"concert ch\u0153ur\" data-image-description=\"\" data-medium-file=\"https:\/\/i2.wp.com\/laurenttouche.fr\/wp-content\/uploads\/2017\/12\/concert_choeur_3.jpg?fit=200%2C300&amp;ssl=1\" data-large-file=\"https:\/\/i2.wp.com\/laurenttouche.fr\/wp-content\/uploads\/2017\/12\/concert_choeur_3.jpg?fit=378%2C567&amp;ssl=1\" \/><\/a>\n\t\t\t<\/div><\/figure><figure class='gallery-item'>\n\t\t\t<div class='gallery-icon portrait'>\n\t\t\t\t<a href='https:\/\/laurenttouche.fr\/aladin\/'><img width=\"150\" height=\"150\" src=\"https:\/\/i1.wp.com\/laurenttouche.fr\/wp-content\/uploads\/2017\/12\/Aladin.jpg?resize=150%2C150&amp;ssl=1\" class=\"attachment-thumbnail size-thumbnail\" alt=\"\" decoding=\"async\" loading=\"lazy\" aria-describedby=\"gallery-1-218\" srcset=\"https:\/\/i1.wp.com\/laurenttouche.fr\/wp-content\/uploads\/2017\/12\/Aladin.jpg?resize=150%2C150&amp;ssl=1 150w, https:\/\/i1.wp.com\/laurenttouche.fr\/wp-content\/uploads\/2017\/12\/Aladin.jpg?zoom=2&amp;resize=150%2C150 300w, https:\/\/i1.wp.com\/laurenttouche.fr\/wp-content\/uploads\/2017\/12\/Aladin.jpg?zoom=3&amp;resize=150%2C150 450w\" sizes=\"(max-width: 150px) 85vw, 150px\" data-attachment-id=\"218\" data-permalink=\"https:\/\/laurenttouche.fr\/aladin\/\" data-orig-file=\"https:\/\/i1.wp.com\/laurenttouche.fr\/wp-content\/uploads\/2017\/12\/Aladin.jpg?fit=450%2C600&amp;ssl=1\" data-orig-size=\"450,600\" data-comments-opened=\"1\" data-image-meta=\"{&quot;aperture&quot;:&quot;0&quot;,&quot;credit&quot;:&quot;&quot;,&quot;camera&quot;:&quot;&quot;,&quot;caption&quot;:&quot;&quot;,&quot;created_timestamp&quot;:&quot;0&quot;,&quot;copyright&quot;:&quot;&quot;,&quot;focal_length&quot;:&quot;0&quot;,&quot;iso&quot;:&quot;0&quot;,&quot;shutter_speed&quot;:&quot;0&quot;,&quot;title&quot;:&quot;&quot;,&quot;orientation&quot;:&quot;1&quot;}\" data-image-title=\"Aladin\" data-image-description=\"\" data-medium-file=\"https:\/\/i1.wp.com\/laurenttouche.fr\/wp-content\/uploads\/2017\/12\/Aladin.jpg?fit=225%2C300&amp;ssl=1\" data-large-file=\"https:\/\/i1.wp.com\/laurenttouche.fr\/wp-content\/uploads\/2017\/12\/Aladin.jpg?fit=450%2C600&amp;ssl=1\" \/><\/a>\n\t\t\t<\/div>\n\t\t\t\t<figcaption class='wp-caption-text gallery-caption' id='gallery-1-218'>\n\t\t\t\tAladin (Rota), 2016\n\t\t\t\t<\/figcaption><\/figure><figure class='gallery-item'>\n\t\t\t<div class='gallery-icon portrait'>\n\t\t\t\t<a href='https:\/\/laurenttouche.fr\/evb\/'><img width=\"150\" height=\"150\" src=\"https:\/\/i0.wp.com\/laurenttouche.fr\/wp-content\/uploads\/2017\/12\/EVB.jpg?resize=150%2C150&amp;ssl=1\" class=\"attachment-thumbnail size-thumbnail\" alt=\"\" decoding=\"async\" loading=\"lazy\" srcset=\"https:\/\/i0.wp.com\/laurenttouche.fr\/wp-content\/uploads\/2017\/12\/EVB.jpg?resize=150%2C150&amp;ssl=1 150w, https:\/\/i0.wp.com\/laurenttouche.fr\/wp-content\/uploads\/2017\/12\/EVB.jpg?zoom=2&amp;resize=150%2C150 300w\" sizes=\"(max-width: 150px) 85vw, 150px\" data-attachment-id=\"221\" data-permalink=\"https:\/\/laurenttouche.fr\/evb\/\" data-orig-file=\"https:\/\/i0.wp.com\/laurenttouche.fr\/wp-content\/uploads\/2017\/12\/EVB.jpg?fit=407%2C709&amp;ssl=1\" data-orig-size=\"407,709\" data-comments-opened=\"1\" data-image-meta=\"{&quot;aperture&quot;:&quot;0&quot;,&quot;credit&quot;:&quot;&quot;,&quot;camera&quot;:&quot;&quot;,&quot;caption&quot;:&quot;&quot;,&quot;created_timestamp&quot;:&quot;0&quot;,&quot;copyright&quot;:&quot;&quot;,&quot;focal_length&quot;:&quot;0&quot;,&quot;iso&quot;:&quot;0&quot;,&quot;shutter_speed&quot;:&quot;0&quot;,&quot;title&quot;:&quot;&quot;,&quot;orientation&quot;:&quot;1&quot;}\" data-image-title=\"Ensemble vocal Berlioz\" data-image-description=\"\" data-medium-file=\"https:\/\/i0.wp.com\/laurenttouche.fr\/wp-content\/uploads\/2017\/12\/EVB.jpg?fit=172%2C300&amp;ssl=1\" data-large-file=\"https:\/\/i0.wp.com\/laurenttouche.fr\/wp-content\/uploads\/2017\/12\/EVB.jpg?fit=407%2C709&amp;ssl=1\" \/><\/a>\n\t\t\t<\/div><\/figure><figure class='gallery-item'>\n\t\t\t<div class='gallery-icon portrait'>\n\t\t\t\t<a href='https:\/\/laurenttouche.fr\/concert_choeur_2\/'><img width=\"150\" height=\"150\" src=\"https:\/\/i2.wp.com\/laurenttouche.fr\/wp-content\/uploads\/2017\/12\/concert_choeur_2.jpg?resize=150%2C150&amp;ssl=1\" class=\"attachment-thumbnail size-thumbnail\" alt=\"\" decoding=\"async\" loading=\"lazy\" srcset=\"https:\/\/i2.wp.com\/laurenttouche.fr\/wp-content\/uploads\/2017\/12\/concert_choeur_2.jpg?resize=150%2C150&amp;ssl=1 150w, https:\/\/i2.wp.com\/laurenttouche.fr\/wp-content\/uploads\/2017\/12\/concert_choeur_2.jpg?zoom=2&amp;resize=150%2C150 300w\" sizes=\"(max-width: 150px) 85vw, 150px\" data-attachment-id=\"219\" data-permalink=\"https:\/\/laurenttouche.fr\/concert_choeur_2\/\" data-orig-file=\"https:\/\/i2.wp.com\/laurenttouche.fr\/wp-content\/uploads\/2017\/12\/concert_choeur_2.jpg?fit=400%2C567&amp;ssl=1\" data-orig-size=\"400,567\" data-comments-opened=\"1\" data-image-meta=\"{&quot;aperture&quot;:&quot;2.8&quot;,&quot;credit&quot;:&quot;&quot;,&quot;camera&quot;:&quot;Canon EOS 30D&quot;,&quot;caption&quot;:&quot;&quot;,&quot;created_timestamp&quot;:&quot;1110985924&quot;,&quot;copyright&quot;:&quot;&quot;,&quot;focal_length&quot;:&quot;200&quot;,&quot;iso&quot;:&quot;1600&quot;,&quot;shutter_speed&quot;:&quot;0.016666666666667&quot;,&quot;title&quot;:&quot;&quot;,&quot;orientation&quot;:&quot;1&quot;}\" data-image-title=\"concert ch\u0153ur\" data-image-description=\"\" data-medium-file=\"https:\/\/i2.wp.com\/laurenttouche.fr\/wp-content\/uploads\/2017\/12\/concert_choeur_2.jpg?fit=212%2C300&amp;ssl=1\" data-large-file=\"https:\/\/i2.wp.com\/laurenttouche.fr\/wp-content\/uploads\/2017\/12\/concert_choeur_2.jpg?fit=400%2C567&amp;ssl=1\" \/><\/a>\n\t\t\t<\/div><\/figure><figure class='gallery-item'>\n\t\t\t<div class='gallery-icon landscape'>\n\t\t\t\t<a href='https:\/\/laurenttouche.fr\/vonnas\/'><img width=\"150\" height=\"150\" src=\"https:\/\/i2.wp.com\/laurenttouche.fr\/wp-content\/uploads\/2017\/12\/Vonnas.jpg?resize=150%2C150&amp;ssl=1\" class=\"attachment-thumbnail size-thumbnail\" alt=\"\" decoding=\"async\" loading=\"lazy\" aria-describedby=\"gallery-1-217\" srcset=\"https:\/\/i2.wp.com\/laurenttouche.fr\/wp-content\/uploads\/2017\/12\/Vonnas.jpg?resize=150%2C150&amp;ssl=1 150w, https:\/\/i2.wp.com\/laurenttouche.fr\/wp-content\/uploads\/2017\/12\/Vonnas.jpg?zoom=2&amp;resize=150%2C150 300w, https:\/\/i2.wp.com\/laurenttouche.fr\/wp-content\/uploads\/2017\/12\/Vonnas.jpg?zoom=3&amp;resize=150%2C150 450w\" sizes=\"(max-width: 150px) 85vw, 150px\" data-attachment-id=\"217\" data-permalink=\"https:\/\/laurenttouche.fr\/vonnas\/\" data-orig-file=\"https:\/\/i2.wp.com\/laurenttouche.fr\/wp-content\/uploads\/2017\/12\/Vonnas.jpg?fit=850%2C567&amp;ssl=1\" data-orig-size=\"850,567\" data-comments-opened=\"1\" data-image-meta=\"{&quot;aperture&quot;:&quot;4.5&quot;,&quot;credit&quot;:&quot;&quot;,&quot;camera&quot;:&quot;Canon EOS-1Ds Mark II&quot;,&quot;caption&quot;:&quot;&quot;,&quot;created_timestamp&quot;:&quot;1315663075&quot;,&quot;copyright&quot;:&quot;&quot;,&quot;focal_length&quot;:&quot;70&quot;,&quot;iso&quot;:&quot;1000&quot;,&quot;shutter_speed&quot;:&quot;0.025&quot;,&quot;title&quot;:&quot;&quot;,&quot;orientation&quot;:&quot;1&quot;}\" data-image-title=\"Festival Lyriquement v\u00f4tre\" data-image-description=\"\" data-medium-file=\"https:\/\/i2.wp.com\/laurenttouche.fr\/wp-content\/uploads\/2017\/12\/Vonnas.jpg?fit=300%2C200&amp;ssl=1\" data-large-file=\"https:\/\/i2.wp.com\/laurenttouche.fr\/wp-content\/uploads\/2017\/12\/Vonnas.jpg?fit=840%2C560&amp;ssl=1\" \/><\/a>\n\t\t\t<\/div>\n\t\t\t\t<figcaption class='wp-caption-text gallery-caption' id='gallery-1-217'>\n\t\t\t\tR\u00e9cital Verdi, festival Lyriquement v\u00f4tre, M\u00e2con, 2011\n\t\t\t\t<\/figcaption><\/figure><figure class='gallery-item'>\n\t\t\t<div class='gallery-icon portrait'>\n\t\t\t\t<a href='https:\/\/laurenttouche.fr\/zeda\/'><img width=\"150\" height=\"150\" src=\"https:\/\/i2.wp.com\/laurenttouche.fr\/wp-content\/uploads\/2017\/12\/Zeda.jpg?resize=150%2C150&amp;ssl=1\" class=\"attachment-thumbnail size-thumbnail\" alt=\"\" decoding=\"async\" loading=\"lazy\" aria-describedby=\"gallery-1-213\" srcset=\"https:\/\/i2.wp.com\/laurenttouche.fr\/wp-content\/uploads\/2017\/12\/Zeda.jpg?resize=150%2C150&amp;ssl=1 150w, https:\/\/i2.wp.com\/laurenttouche.fr\/wp-content\/uploads\/2017\/12\/Zeda.jpg?zoom=2&amp;resize=150%2C150 300w, https:\/\/i2.wp.com\/laurenttouche.fr\/wp-content\/uploads\/2017\/12\/Zeda.jpg?zoom=3&amp;resize=150%2C150 450w\" sizes=\"(max-width: 150px) 85vw, 150px\" data-attachment-id=\"213\" data-permalink=\"https:\/\/laurenttouche.fr\/zeda\/\" data-orig-file=\"https:\/\/i2.wp.com\/laurenttouche.fr\/wp-content\/uploads\/2017\/12\/Zeda.jpg?fit=567%2C855&amp;ssl=1\" data-orig-size=\"567,855\" data-comments-opened=\"1\" data-image-meta=\"{&quot;aperture&quot;:&quot;0&quot;,&quot;credit&quot;:&quot;&quot;,&quot;camera&quot;:&quot;&quot;,&quot;caption&quot;:&quot;&quot;,&quot;created_timestamp&quot;:&quot;0&quot;,&quot;copyright&quot;:&quot;&quot;,&quot;focal_length&quot;:&quot;0&quot;,&quot;iso&quot;:&quot;0&quot;,&quot;shutter_speed&quot;:&quot;0&quot;,&quot;title&quot;:&quot;&quot;,&quot;orientation&quot;:&quot;1&quot;}\" data-image-title=\"Maestro Zedda\" data-image-description=\"\" data-medium-file=\"https:\/\/i2.wp.com\/laurenttouche.fr\/wp-content\/uploads\/2017\/12\/Zeda.jpg?fit=199%2C300&amp;ssl=1\" data-large-file=\"https:\/\/i2.wp.com\/laurenttouche.fr\/wp-content\/uploads\/2017\/12\/Zeda.jpg?fit=567%2C855&amp;ssl=1\" \/><\/a>\n\t\t\t<\/div>\n\t\t\t\t<figcaption class='wp-caption-text gallery-caption' id='gallery-1-213'>\n\t\t\t\tAvec le maestro Alberto Zedda &#8211; Petite Messe solennelle (Rossini), 2014.\n\t\t\t\t<\/figcaption><\/figure><figure class='gallery-item'>\n\t\t\t<div class='gallery-icon landscape'>\n\t\t\t\t<a href='https:\/\/laurenttouche.fr\/concert_choeur\/'><img width=\"150\" height=\"150\" src=\"https:\/\/i2.wp.com\/laurenttouche.fr\/wp-content\/uploads\/2017\/12\/concert_choeur.jpg?resize=150%2C150&amp;ssl=1\" class=\"attachment-thumbnail size-thumbnail\" alt=\"\" decoding=\"async\" loading=\"lazy\" aria-describedby=\"gallery-1-216\" srcset=\"https:\/\/i2.wp.com\/laurenttouche.fr\/wp-content\/uploads\/2017\/12\/concert_choeur.jpg?resize=150%2C150&amp;ssl=1 150w, https:\/\/i2.wp.com\/laurenttouche.fr\/wp-content\/uploads\/2017\/12\/concert_choeur.jpg?zoom=2&amp;resize=150%2C150 300w, https:\/\/i2.wp.com\/laurenttouche.fr\/wp-content\/uploads\/2017\/12\/concert_choeur.jpg?zoom=3&amp;resize=150%2C150 450w\" sizes=\"(max-width: 150px) 85vw, 150px\" data-attachment-id=\"216\" data-permalink=\"https:\/\/laurenttouche.fr\/concert_choeur\/\" data-orig-file=\"https:\/\/i2.wp.com\/laurenttouche.fr\/wp-content\/uploads\/2017\/12\/concert_choeur.jpg?fit=542%2C238&amp;ssl=1\" data-orig-size=\"542,238\" data-comments-opened=\"1\" data-image-meta=\"{&quot;aperture&quot;:&quot;0&quot;,&quot;credit&quot;:&quot;&quot;,&quot;camera&quot;:&quot;&quot;,&quot;caption&quot;:&quot;&quot;,&quot;created_timestamp&quot;:&quot;0&quot;,&quot;copyright&quot;:&quot;&quot;,&quot;focal_length&quot;:&quot;0&quot;,&quot;iso&quot;:&quot;0&quot;,&quot;shutter_speed&quot;:&quot;0&quot;,&quot;title&quot;:&quot;&quot;,&quot;orientation&quot;:&quot;0&quot;}\" data-image-title=\"concert ch\u0153ur\" data-image-description=\"\" data-medium-file=\"https:\/\/i2.wp.com\/laurenttouche.fr\/wp-content\/uploads\/2017\/12\/concert_choeur.jpg?fit=300%2C132&amp;ssl=1\" data-large-file=\"https:\/\/i2.wp.com\/laurenttouche.fr\/wp-content\/uploads\/2017\/12\/concert_choeur.jpg?fit=542%2C238&amp;ssl=1\" \/><\/a>\n\t\t\t<\/div>\n\t\t\t\t<figcaption class='wp-caption-text gallery-caption' id='gallery-1-216'>\n\t\t\t\tConcert choeur\n\t\t\t\t<\/figcaption><\/figure><figure class='gallery-item'>\n\t\t\t<div class='gallery-icon portrait'>\n\t\t\t\t<a href='https:\/\/laurenttouche.fr\/kurt_moll_0011\/'><img width=\"150\" height=\"150\" src=\"https:\/\/i0.wp.com\/laurenttouche.fr\/wp-content\/uploads\/2017\/12\/Kurt_Moll_0011.jpg?resize=150%2C150&amp;ssl=1\" class=\"attachment-thumbnail size-thumbnail\" alt=\"\" decoding=\"async\" loading=\"lazy\" aria-describedby=\"gallery-1-214\" srcset=\"https:\/\/i0.wp.com\/laurenttouche.fr\/wp-content\/uploads\/2017\/12\/Kurt_Moll_0011.jpg?resize=150%2C150&amp;ssl=1 150w, https:\/\/i0.wp.com\/laurenttouche.fr\/wp-content\/uploads\/2017\/12\/Kurt_Moll_0011.jpg?zoom=2&amp;resize=150%2C150 300w, https:\/\/i0.wp.com\/laurenttouche.fr\/wp-content\/uploads\/2017\/12\/Kurt_Moll_0011.jpg?zoom=3&amp;resize=150%2C150 450w\" sizes=\"(max-width: 150px) 85vw, 150px\" data-attachment-id=\"214\" data-permalink=\"https:\/\/laurenttouche.fr\/kurt_moll_0011\/\" data-orig-file=\"https:\/\/i0.wp.com\/laurenttouche.fr\/wp-content\/uploads\/2017\/12\/Kurt_Moll_0011.jpg?fit=567%2C759&amp;ssl=1\" data-orig-size=\"567,759\" data-comments-opened=\"1\" data-image-meta=\"{&quot;aperture&quot;:&quot;2.8&quot;,&quot;credit&quot;:&quot;&quot;,&quot;camera&quot;:&quot;iPhone 4&quot;,&quot;caption&quot;:&quot;&quot;,&quot;created_timestamp&quot;:&quot;1304273272&quot;,&quot;copyright&quot;:&quot;&quot;,&quot;focal_length&quot;:&quot;3.85&quot;,&quot;iso&quot;:&quot;80&quot;,&quot;shutter_speed&quot;:&quot;0.0068027210884354&quot;,&quot;title&quot;:&quot;&quot;,&quot;orientation&quot;:&quot;1&quot;}\" data-image-title=\"Kurt Moll\" data-image-description=\"\" data-medium-file=\"https:\/\/i0.wp.com\/laurenttouche.fr\/wp-content\/uploads\/2017\/12\/Kurt_Moll_0011.jpg?fit=224%2C300&amp;ssl=1\" data-large-file=\"https:\/\/i0.wp.com\/laurenttouche.fr\/wp-content\/uploads\/2017\/12\/Kurt_Moll_0011.jpg?fit=567%2C759&amp;ssl=1\" \/><\/a>\n\t\t\t<\/div>\n\t\t\t\t<figcaption class='wp-caption-text gallery-caption' id='gallery-1-214'>\n\t\t\t\tKurt Moll &#8211; Acad\u00e9mie de chant \u00e0 B\u00e9ziers 2011\n\t\t\t\t<\/figcaption><\/figure><figure class='gallery-item'>\n\t\t\t<div class='gallery-icon landscape'>\n\t\t\t\t<a href='https:\/\/laurenttouche.fr\/brou_orphee_2017\/'><img width=\"150\" height=\"150\" src=\"https:\/\/i2.wp.com\/laurenttouche.fr\/wp-content\/uploads\/2017\/12\/Brou_Orphee_2017.jpg?resize=150%2C150&amp;ssl=1\" class=\"attachment-thumbnail size-thumbnail\" alt=\"\" decoding=\"async\" loading=\"lazy\" aria-describedby=\"gallery-1-215\" srcset=\"https:\/\/i2.wp.com\/laurenttouche.fr\/wp-content\/uploads\/2017\/12\/Brou_Orphee_2017.jpg?resize=150%2C150&amp;ssl=1 150w, https:\/\/i2.wp.com\/laurenttouche.fr\/wp-content\/uploads\/2017\/12\/Brou_Orphee_2017.jpg?zoom=2&amp;resize=150%2C150 300w, https:\/\/i2.wp.com\/laurenttouche.fr\/wp-content\/uploads\/2017\/12\/Brou_Orphee_2017.jpg?zoom=3&amp;resize=150%2C150 450w\" sizes=\"(max-width: 150px) 85vw, 150px\" data-attachment-id=\"215\" data-permalink=\"https:\/\/laurenttouche.fr\/brou_orphee_2017\/\" data-orig-file=\"https:\/\/i2.wp.com\/laurenttouche.fr\/wp-content\/uploads\/2017\/12\/Brou_Orphee_2017.jpg?fit=887%2C567&amp;ssl=1\" data-orig-size=\"887,567\" data-comments-opened=\"1\" data-image-meta=\"{&quot;aperture&quot;:&quot;0&quot;,&quot;credit&quot;:&quot;&quot;,&quot;camera&quot;:&quot;&quot;,&quot;caption&quot;:&quot;&quot;,&quot;created_timestamp&quot;:&quot;0&quot;,&quot;copyright&quot;:&quot;&quot;,&quot;focal_length&quot;:&quot;0&quot;,&quot;iso&quot;:&quot;0&quot;,&quot;shutter_speed&quot;:&quot;0&quot;,&quot;title&quot;:&quot;&quot;,&quot;orientation&quot;:&quot;1&quot;}\" data-image-title=\"Orph\u00e9e et Eurydice Estivales de Brou 2017\" data-image-description=\"\" data-medium-file=\"https:\/\/i2.wp.com\/laurenttouche.fr\/wp-content\/uploads\/2017\/12\/Brou_Orphee_2017.jpg?fit=300%2C192&amp;ssl=1\" data-large-file=\"https:\/\/i2.wp.com\/laurenttouche.fr\/wp-content\/uploads\/2017\/12\/Brou_Orphee_2017.jpg?fit=840%2C537&amp;ssl=1\" \/><\/a>\n\t\t\t<\/div>\n\t\t\t\t<figcaption class='wp-caption-text gallery-caption' id='gallery-1-215'>\n\t\t\t\tOrph\u00e9e et Eurydice (Gluck), Estivales de Brou 2017\n\t\t\t\t<\/figcaption><\/figure>\n\t\t<\/div>\n\n<p>&nbsp;<\/p>\n","protected":false},"excerpt":{"rendered":"<p>&nbsp;<\/p>\n","protected":false},"author":1,"featured_media":0,"parent":0,"menu_order":0,"comment_status":"closed","ping_status":"closed","template":"","meta":[],"_links":{"self":[{"href":"https:\/\/laurenttouche.fr\/index.php\/wp-json\/wp\/v2\/pages\/41"}],"collection":[{"href":"https:\/\/laurenttouche.fr\/index.php\/wp-json\/wp\/v2\/pages"}],"about":[{"href":"https:\/\/laurenttouche.fr\/index.php\/wp-json\/wp\/v2\/types\/page"}],"author":[{"embeddable":true,"href":"https:\/\/laurenttouche.fr\/index.php\/wp-json\/wp\/v2\/users\/1"}],"replies":[{"embeddable":true,"href":"https:\/\/laurenttouche.fr\/index.php\/wp-json\/wp\/v2\/comments?post=41"}],"version-history":[{"count":7,"href":"https:\/\/laurenttouche.fr\/index.php\/wp-json\/wp\/v2\/pages\/41\/revisions"}],"predecessor-version":[{"id":224,"href":"https:\/\/laurenttouche.fr\/index.php\/wp-json\/wp\/v2\/pages\/41\/revisions\/224"}],"wp:attachment":[{"href":"https:\/\/laurenttouche.fr\/index.php\/wp-json\/wp\/v2\/media?parent=41"}],"curies":[{"name":"wp","href":"https:\/\/api.w.org\/{rel}","templated":true}]}}